{"id":6067,"date":"2022-01-18T19:07:51","date_gmt":"2022-01-18T19:07:51","guid":{"rendered":"https:\/\/monbip.fr\/?post_type=product&#038;p=6067"},"modified":"2024-01-17T17:26:06","modified_gmt":"2024-01-17T15:26:06","slug":"moteur-coulissant-bft-deimos-ultra-bt-a600","status":"publish","type":"product","link":"https:\/\/monbip.fr\/de\/produkt\/motorisierungen\/motorisierung-von-garagentoren-de\/moteur-coulissant-bft-deimos-ultra-bt-a600\/","title":{"rendered":"Moteur coulissant BFT DEIMOS ULTRA BT A600"},"content":{"rendered":"<p><img decoding=\"async\" src=\"https:\/\/www.bft-automation.com\/fileadmin\/_processed_\/a\/2\/csm_793e2afe916fc53435648099395016cb_053495ab76.png\" alt=\"dessin technique DEIMOS ULTRA BT A\" \/><\/p>\n<p>&nbsp;<\/p>\n","protected":false},"excerpt":{"rendered":"<p>Op\u00e9rateur 24 V pour portails coulissants jusqu&#8217;\u00e0 600 kg. Vitesse du vantail 12 m\/min.<\/p>\n<p>Centrales de commande avec afficheur de programmation : la centrale de commande Merak, avec son afficheur de programmation \u00e0 sc\u00e9narios pr\u00e9-programm\u00e9s, aide l&#8217;installateur dans la phase de programmation ; la centrale de commande est mont\u00e9e de mani\u00e8re<span class=\"SecSec\">\u00a0oblique, afin de faciliter les op\u00e9rations de lecture et le r\u00e9glage des param\u00e8tres.<\/span><\/p>\n<p>&nbsp;<\/p>\n","protected":false},"featured_media":6145,"template":"","meta":[],"product_brand":[],"product_cat":[203,202],"product_tag":[],"class_list":{"0":"post-6067","1":"product","2":"type-product","3":"status-publish","4":"has-post-thumbnail","6":"product_cat-motorisation-porte-de-garage","7":"product_cat-motorisations","9":"first","10":"instock","11":"sale","12":"taxable","13":"shipping-taxable","14":"purchasable","15":"product-type-simple"},"_links":{"self":[{"href":"https:\/\/monbip.fr\/de\/wp-json\/wp\/v2\/product\/6067","targetHints":{"allow":["GET"]}}],"collection":[{"href":"https:\/\/monbip.fr\/de\/wp-json\/wp\/v2\/product"}],"about":[{"href":"https:\/\/monbip.fr\/de\/wp-json\/wp\/v2\/types\/product"}],"wp:featuredmedia":[{"embeddable":true,"href":"https:\/\/monbip.fr\/de\/wp-json\/wp\/v2\/media\/6145"}],"wp:attachment":[{"href":"https:\/\/monbip.fr\/de\/wp-json\/wp\/v2\/media?parent=6067"}],"wp:term":[{"taxonomy":"product_brand","embeddable":true,"href":"https:\/\/monbip.fr\/de\/wp-json\/wp\/v2\/product_brand?post=6067"},{"taxonomy":"product_cat","embeddable":true,"href":"https:\/\/monbip.fr\/de\/wp-json\/wp\/v2\/product_cat?post=6067"},{"taxonomy":"product_tag","embeddable":true,"href":"https:\/\/monbip.fr\/de\/wp-json\/wp\/v2\/product_tag?post=6067"}],"curies":[{"name":"wp","href":"https:\/\/api.w.org\/{rel}","templated":true}]}}