{"id":6068,"date":"2022-01-18T19:07:51","date_gmt":"2022-01-18T19:07:51","guid":{"rendered":"https:\/\/monbip.fr\/?post_type=product&#038;p=6068"},"modified":"2022-01-18T19:08:08","modified_gmt":"2022-01-18T19:08:08","slug":"moteur-coulissant-bft-deimos-ac-a600","status":"publish","type":"product","link":"https:\/\/monbip.fr\/de\/produkt\/motorisierungen\/motorisierung-von-garagentoren-de\/moteur-coulissant-bft-deimos-ac-a600\/","title":{"rendered":"Moteur coulissant BFT DEIMOS AC A600"},"content":{"rendered":"<p><img decoding=\"async\" src=\"https:\/\/www.bft-automation.com\/fileadmin\/_processed_\/2\/5\/csm_5846a608b57e08f0ef5c27ec82e03343_9a1953764a.png\" alt=\"dessin technique DEIMOS AC A\" \/><\/p>\n","protected":false},"excerpt":{"rendered":"<p>Op\u00e9rateur 230 V pour portails coulissants jusqu&#8217;\u00e0 600 kg. Vitesse du vantail 9 m\/min.<\/p>\n<p>Levier de d\u00e9verrouillage avec cl\u00e9 personnalis\u00e9e : le levier de d\u00e9verrouillage garantit la simplicit\u00e9 de d\u00e9blocage du moteur, et la cl\u00e9 personnalis\u00e9e assure une s\u00e9curit\u00e9 maximale<\/p>\n","protected":false},"featured_media":6148,"template":"","meta":[],"product_brand":[],"product_cat":[203,202],"product_tag":[139],"class_list":{"0":"post-6068","1":"product","2":"type-product","3":"status-publish","4":"has-post-thumbnail","6":"product_cat-motorisation-porte-de-garage","7":"product_cat-motorisations","8":"product_tag-bft","10":"first","11":"instock","12":"sale","13":"taxable","14":"shipping-taxable","15":"purchasable","16":"product-type-simple"},"_links":{"self":[{"href":"https:\/\/monbip.fr\/de\/wp-json\/wp\/v2\/product\/6068","targetHints":{"allow":["GET"]}}],"collection":[{"href":"https:\/\/monbip.fr\/de\/wp-json\/wp\/v2\/product"}],"about":[{"href":"https:\/\/monbip.fr\/de\/wp-json\/wp\/v2\/types\/product"}],"wp:featuredmedia":[{"embeddable":true,"href":"https:\/\/monbip.fr\/de\/wp-json\/wp\/v2\/media\/6148"}],"wp:attachment":[{"href":"https:\/\/monbip.fr\/de\/wp-json\/wp\/v2\/media?parent=6068"}],"wp:term":[{"taxonomy":"product_brand","embeddable":true,"href":"https:\/\/monbip.fr\/de\/wp-json\/wp\/v2\/product_brand?post=6068"},{"taxonomy":"product_cat","embeddable":true,"href":"https:\/\/monbip.fr\/de\/wp-json\/wp\/v2\/product_cat?post=6068"},{"taxonomy":"product_tag","embeddable":true,"href":"https:\/\/monbip.fr\/de\/wp-json\/wp\/v2\/product_tag?post=6068"}],"curies":[{"name":"wp","href":"https:\/\/api.w.org\/{rel}","templated":true}]}}