{"id":6071,"date":"2022-01-18T19:07:51","date_gmt":"2022-01-18T19:07:51","guid":{"rendered":"https:\/\/monbip.fr\/?post_type=product&#038;p=6071"},"modified":"2022-01-18T19:08:11","modified_gmt":"2022-01-18T19:08:11","slug":"moteur-coulissant-bft-ares-bt-a1500","status":"publish","type":"product","link":"https:\/\/monbip.fr\/de\/produkt\/motorisierungen\/motorisierung-von-garagentoren-de\/moteur-coulissant-bft-ares-bt-a1500\/","title":{"rendered":"Moteur coulissant BFT ARES BT A1500"},"content":{"rendered":"<p><img decoding=\"async\" src=\"https:\/\/www.bft-automation.com\/fileadmin\/_processed_\/0\/6\/csm_1776f030ee1ef6bde78411acac2fbfec_0c154319ba.png\" alt=\"dessin technique ARES BT A\" \/><\/p>\n","protected":false},"excerpt":{"rendered":"<p>Op\u00e9rateur 24 V pour portails coulissants jusqu&#8217;\u00e0 1500 kg. Vitesse du vantail 9 m\/min.<\/p>\n<p>Levier de d\u00e9verrouillage avec cl\u00e9 personnalis\u00e9e : le levier de d\u00e9verrouillage garantit la simplicit\u00e9 de d\u00e9blocage du moteur, et la cl\u00e9 personnalis\u00e9e assure une s\u00e9curit\u00e9 maximale<\/p>\n<p>&nbsp;<\/p>\n","protected":false},"featured_media":6169,"template":"","meta":[],"product_brand":[],"product_cat":[203,202],"product_tag":[],"class_list":{"0":"post-6071","1":"product","2":"type-product","3":"status-publish","4":"has-post-thumbnail","6":"product_cat-motorisation-porte-de-garage","7":"product_cat-motorisations","9":"first","10":"instock","11":"sale","12":"taxable","13":"shipping-taxable","14":"purchasable","15":"product-type-simple"},"_links":{"self":[{"href":"https:\/\/monbip.fr\/de\/wp-json\/wp\/v2\/product\/6071","targetHints":{"allow":["GET"]}}],"collection":[{"href":"https:\/\/monbip.fr\/de\/wp-json\/wp\/v2\/product"}],"about":[{"href":"https:\/\/monbip.fr\/de\/wp-json\/wp\/v2\/types\/product"}],"wp:featuredmedia":[{"embeddable":true,"href":"https:\/\/monbip.fr\/de\/wp-json\/wp\/v2\/media\/6169"}],"wp:attachment":[{"href":"https:\/\/monbip.fr\/de\/wp-json\/wp\/v2\/media?parent=6071"}],"wp:term":[{"taxonomy":"product_brand","embeddable":true,"href":"https:\/\/monbip.fr\/de\/wp-json\/wp\/v2\/product_brand?post=6071"},{"taxonomy":"product_cat","embeddable":true,"href":"https:\/\/monbip.fr\/de\/wp-json\/wp\/v2\/product_cat?post=6071"},{"taxonomy":"product_tag","embeddable":true,"href":"https:\/\/monbip.fr\/de\/wp-json\/wp\/v2\/product_tag?post=6071"}],"curies":[{"name":"wp","href":"https:\/\/api.w.org\/{rel}","templated":true}]}}