{"id":6075,"date":"2022-01-18T19:07:51","date_gmt":"2022-01-18T17:07:51","guid":{"rendered":"https:\/\/monbip.fr\/?post_type=product&#038;p=6075"},"modified":"2022-08-26T23:37:01","modified_gmt":"2022-08-26T21:37:01","slug":"moteur-portail-battant-bft-hide-sw","status":"publish","type":"product","link":"https:\/\/monbip.fr\/de\/produkt\/motorisierungen\/drehtorantriebe\/moteur-portail-battant-bft-hide-sw\/","title":{"rendered":"Moteur Portail Battant BFT HIDE SW"},"content":{"rendered":"<p><img decoding=\"async\" src=\"https:\/\/www.bft-automation.com\/fileadmin\/_processed_\/3\/5\/csm_39b532bf66e650113020677576cc616c_3519f63476.png\" alt=\"dessin technique HIDE SW\" \/><\/p>\n","protected":false},"excerpt":{"rendered":"<p class=\"abstract product-description\">Op\u00e9rateur irr\u00e9versible \u00e9lectrom\u00e9canique escamotable 24 V pour portails battants jusqu&#8217;\u00e0 150 kg par vantail et 2 m de long.<\/p>\n<p>La forme cylindrique avec un diam\u00e8tre ext\u00e9rieur de 80 mm maximum permet un montage rapide du montant du vantail. Le pr\u00e9c\u00e2blage permet de r\u00e9aliser les connexions \u00e9lectriques \u00e0 l&#8217;armoire de commande de mani\u00e8re rapide et intuitive.<\/p>\n<p>Hide SW est capable de r\u00e9sister aux intemp\u00e9ries et au vent et permet la motorisation de portails \u00e0 vantaux pleins de 3m\u00b2 jusqu&#8217;\u00e0 120 km\/h (classe 2, UNI EN13241).<\/p>\n","protected":false},"featured_media":6208,"template":"","meta":[],"product_brand":[],"product_cat":[207,202],"product_tag":[139],"class_list":{"0":"post-6075","1":"product","2":"type-product","3":"status-publish","4":"has-post-thumbnail","6":"product_cat-motorisation-portail-battant","7":"product_cat-motorisations","8":"product_tag-bft","10":"first","11":"outofstock","12":"sale","13":"featured","14":"taxable","15":"shipping-taxable","16":"purchasable","17":"product-type-simple"},"_links":{"self":[{"href":"https:\/\/monbip.fr\/de\/wp-json\/wp\/v2\/product\/6075","targetHints":{"allow":["GET"]}}],"collection":[{"href":"https:\/\/monbip.fr\/de\/wp-json\/wp\/v2\/product"}],"about":[{"href":"https:\/\/monbip.fr\/de\/wp-json\/wp\/v2\/types\/product"}],"wp:featuredmedia":[{"embeddable":true,"href":"https:\/\/monbip.fr\/de\/wp-json\/wp\/v2\/media\/6208"}],"wp:attachment":[{"href":"https:\/\/monbip.fr\/de\/wp-json\/wp\/v2\/media?parent=6075"}],"wp:term":[{"taxonomy":"product_brand","embeddable":true,"href":"https:\/\/monbip.fr\/de\/wp-json\/wp\/v2\/product_brand?post=6075"},{"taxonomy":"product_cat","embeddable":true,"href":"https:\/\/monbip.fr\/de\/wp-json\/wp\/v2\/product_cat?post=6075"},{"taxonomy":"product_tag","embeddable":true,"href":"https:\/\/monbip.fr\/de\/wp-json\/wp\/v2\/product_tag?post=6075"}],"curies":[{"name":"wp","href":"https:\/\/api.w.org\/{rel}","templated":true}]}}