{"id":6078,"date":"2022-01-18T19:07:52","date_gmt":"2022-01-18T19:07:52","guid":{"rendered":"https:\/\/monbip.fr\/?post_type=product&#038;p=6078"},"modified":"2022-01-18T19:08:21","modified_gmt":"2022-01-18T19:08:21","slug":"photocellules-bft-desme-a15-o","status":"publish","type":"product","link":"https:\/\/monbip.fr\/de\/produkt\/fotozellen\/photocellules-bft-desme-a15-o\/","title":{"rendered":"Photocellules BFT DESME A15 O"},"content":{"rendered":"<p><img decoding=\"async\" src=\"https:\/\/www.bft-automation.com\/fileadmin\/_processed_\/0\/a\/csm_216084abce2fd49141da1a0fd6bf5a5d_7c1bbecf13.png\" alt=\"dessin technique DESME\" \/><\/p>\n","protected":false},"excerpt":{"rendered":"<p>Paire de cellules photo-\u00e9lectriques orientables de 40 \u00b0 horizontalement et 10 \u00b0 verticalement. Signal infrarouge synchronis\u00e9 pour \u00e9viter toute possibilit\u00e9 d&#8217;\u00e9blouissement. Port\u00e9e 30 m. Alimentation 24 V Vca\/Vcc.<\/p>\n","protected":false},"featured_media":6226,"template":"","meta":[],"product_brand":[],"product_cat":[210],"product_tag":[139],"class_list":{"0":"post-6078","1":"product","2":"type-product","3":"status-publish","4":"has-post-thumbnail","6":"product_cat-photocellules","7":"product_tag-bft","9":"first","10":"instock","11":"sale","12":"taxable","13":"shipping-taxable","14":"purchasable","15":"product-type-simple"},"_links":{"self":[{"href":"https:\/\/monbip.fr\/de\/wp-json\/wp\/v2\/product\/6078","targetHints":{"allow":["GET"]}}],"collection":[{"href":"https:\/\/monbip.fr\/de\/wp-json\/wp\/v2\/product"}],"about":[{"href":"https:\/\/monbip.fr\/de\/wp-json\/wp\/v2\/types\/product"}],"wp:featuredmedia":[{"embeddable":true,"href":"https:\/\/monbip.fr\/de\/wp-json\/wp\/v2\/media\/6226"}],"wp:attachment":[{"href":"https:\/\/monbip.fr\/de\/wp-json\/wp\/v2\/media?parent=6078"}],"wp:term":[{"taxonomy":"product_brand","embeddable":true,"href":"https:\/\/monbip.fr\/de\/wp-json\/wp\/v2\/product_brand?post=6078"},{"taxonomy":"product_cat","embeddable":true,"href":"https:\/\/monbip.fr\/de\/wp-json\/wp\/v2\/product_cat?post=6078"},{"taxonomy":"product_tag","embeddable":true,"href":"https:\/\/monbip.fr\/de\/wp-json\/wp\/v2\/product_tag?post=6078"}],"curies":[{"name":"wp","href":"https:\/\/api.w.org\/{rel}","templated":true}]}}