{"id":6079,"date":"2022-01-18T19:07:52","date_gmt":"2022-01-18T17:07:52","guid":{"rendered":"https:\/\/monbip.fr\/?post_type=product&#038;p=6079"},"modified":"2022-08-26T23:33:41","modified_gmt":"2022-08-26T21:33:41","slug":"operateur-hydraulique-reversible-bft-oro-e","status":"publish","type":"product","link":"https:\/\/monbip.fr\/de\/produkt\/motorisierungen\/drehtorantriebe\/operateur-hydraulique-reversible-bft-oro-e\/","title":{"rendered":"Op\u00e9rateur hydraulique r\u00e9versible BFT ORO E"},"content":{"rendered":"<p><img decoding=\"async\" src=\"https:\/\/www.bft-automation.com\/fileadmin\/_processed_\/4\/b\/csm_d7b55a58a031403f6f78ba1b413feda5_75f695f661.png\" alt=\"dessin technique ORO\" \/><\/p>\n","protected":false},"excerpt":{"rendered":"<p class=\"abstract product-description\">Op\u00e9rateur hydraulique r\u00e9versible pour portails battants jusqu&#8217;\u00e0 2.5 m et 200 kg par vantail, usage Semi intensif. Temps de manoeuvre 27 s.<\/p>\n<p>La soupape de d\u00e9blocage en laiton permet d&#8217;ouvrir \u00e0 la main le vantail en cas de panne de courant dans la version ORO ou de simplifier la manoeuvre manuelle dans la version ORO E.<\/p>\n","protected":false},"featured_media":6229,"template":"","meta":[],"product_brand":[],"product_cat":[207,202],"product_tag":[139],"class_list":{"0":"post-6079","1":"product","2":"type-product","3":"status-publish","4":"has-post-thumbnail","6":"product_cat-motorisation-portail-battant","7":"product_cat-motorisations","8":"product_tag-bft","10":"first","11":"instock","12":"sale","13":"taxable","14":"shipping-taxable","15":"purchasable","16":"product-type-simple"},"_links":{"self":[{"href":"https:\/\/monbip.fr\/de\/wp-json\/wp\/v2\/product\/6079","targetHints":{"allow":["GET"]}}],"collection":[{"href":"https:\/\/monbip.fr\/de\/wp-json\/wp\/v2\/product"}],"about":[{"href":"https:\/\/monbip.fr\/de\/wp-json\/wp\/v2\/types\/product"}],"wp:featuredmedia":[{"embeddable":true,"href":"https:\/\/monbip.fr\/de\/wp-json\/wp\/v2\/media\/6229"}],"wp:attachment":[{"href":"https:\/\/monbip.fr\/de\/wp-json\/wp\/v2\/media?parent=6079"}],"wp:term":[{"taxonomy":"product_brand","embeddable":true,"href":"https:\/\/monbip.fr\/de\/wp-json\/wp\/v2\/product_brand?post=6079"},{"taxonomy":"product_cat","embeddable":true,"href":"https:\/\/monbip.fr\/de\/wp-json\/wp\/v2\/product_cat?post=6079"},{"taxonomy":"product_tag","embeddable":true,"href":"https:\/\/monbip.fr\/de\/wp-json\/wp\/v2\/product_tag?post=6079"}],"curies":[{"name":"wp","href":"https:\/\/api.w.org\/{rel}","templated":true}]}}