{"id":6080,"date":"2022-01-18T19:07:52","date_gmt":"2022-01-18T17:07:52","guid":{"rendered":"https:\/\/monbip.fr\/?post_type=product&#038;p=6080"},"modified":"2025-11-17T19:05:02","modified_gmt":"2025-11-17T17:05:02","slug":"operateur-irreversible-hydraulique-bft-sub-bt-24v","status":"publish","type":"product","link":"https:\/\/monbip.fr\/de\/produkt\/motorisierungen\/drehtorantriebe\/operateur-irreversible-hydraulique-bft-sub-bt-24v\/","title":{"rendered":"Op\u00e9rateur irr\u00e9versible hydraulique BFT SUB BT 24V"},"content":{"rendered":"<p><img decoding=\"async\" src=\"https:\/\/www.bft-automation.com\/fileadmin\/_processed_\/8\/a\/csm_ca114f2a04947f52c267e2e73b532785_0393655477.png\" alt=\"dessin technique SUB BT\" \/><\/p>\n","protected":false},"excerpt":{"rendered":"<p>Op\u00e9rateur irr\u00e9versible hydraulique enterr\u00e9 basse tension pour vantaux jusqu&#8217;\u00e0 2.5 m. 800 kg par vantail. Centrales de commande avec \u00e9cran de programmation et nouvelle programmation simplifi\u00e9e par sc\u00e9narios. But\u00e9es m\u00e9caniques r\u00e9glables, incorpor\u00e9es \u00e0 l&#8217;op\u00e9rateur.<\/p>\n<p>&nbsp;<\/p>\n","protected":false},"featured_media":6235,"template":"","meta":[],"product_brand":[],"product_cat":[207,202],"product_tag":[],"class_list":{"0":"post-6080","1":"product","2":"type-product","3":"status-publish","4":"has-post-thumbnail","6":"product_cat-motorisation-portail-battant","7":"product_cat-motorisations","9":"first","10":"instock","11":"sale","12":"featured","13":"taxable","14":"shipping-taxable","15":"purchasable","16":"product-type-simple"},"_links":{"self":[{"href":"https:\/\/monbip.fr\/de\/wp-json\/wp\/v2\/product\/6080","targetHints":{"allow":["GET"]}}],"collection":[{"href":"https:\/\/monbip.fr\/de\/wp-json\/wp\/v2\/product"}],"about":[{"href":"https:\/\/monbip.fr\/de\/wp-json\/wp\/v2\/types\/product"}],"wp:featuredmedia":[{"embeddable":true,"href":"https:\/\/monbip.fr\/de\/wp-json\/wp\/v2\/media\/6235"}],"wp:attachment":[{"href":"https:\/\/monbip.fr\/de\/wp-json\/wp\/v2\/media?parent=6080"}],"wp:term":[{"taxonomy":"product_brand","embeddable":true,"href":"https:\/\/monbip.fr\/de\/wp-json\/wp\/v2\/product_brand?post=6080"},{"taxonomy":"product_cat","embeddable":true,"href":"https:\/\/monbip.fr\/de\/wp-json\/wp\/v2\/product_cat?post=6080"},{"taxonomy":"product_tag","embeddable":true,"href":"https:\/\/monbip.fr\/de\/wp-json\/wp\/v2\/product_tag?post=6080"}],"curies":[{"name":"wp","href":"https:\/\/api.w.org\/{rel}","templated":true}]}}