{"id":6175,"date":"2022-01-18T19:08:14","date_gmt":"2022-01-18T19:08:14","guid":{"rendered":"https:\/\/monbip.fr\/?post_type=product&#038;p=6175"},"modified":"2025-11-17T18:46:38","modified_gmt":"2025-11-17T16:46:38","slug":"operateur-irreversible-hydraulique-bft-sub-e-sx","status":"publish","type":"product","link":"https:\/\/monbip.fr\/de\/produkt\/motorisierungen\/drehtorantriebe\/operateur-irreversible-hydraulique-bft-sub-e-sx\/","title":{"rendered":"Op\u00e9rateur irr\u00e9versible hydraulique BFT SUB E SX"},"content":{"rendered":"<p><img decoding=\"async\" src=\"https:\/\/www.bft-automation.com\/fileadmin\/_processed_\/3\/f\/csm_f0acaa943de1bd6969a243723aec529f_aac2bfbeb7.png\" alt=\"dessin technique SUB\" \/><\/p>\n","protected":false},"excerpt":{"rendered":"<p>Op\u00e9rateur hydraulique 230 V enterr\u00e9 Irr\u00e9versible pour vantaux jusqu&#8217;\u00e0 2.5 m. Temps de manoeuvre 24 s. Op\u00e9rateur gauche. La structure monobloc permet de r\u00e9aliser des installations soign\u00e9es et extr\u00eamement fiables dans le temps. Centrales de commande avec \u00e9cran de programmation et nouvelle programmation simplifi\u00e9e par sc\u00e9narios.<\/p>\n<p>&nbsp;<\/p>\n","protected":false},"featured_media":6259,"template":"","meta":[],"product_brand":[],"product_cat":[207,202],"product_tag":[],"class_list":{"0":"post-6175","1":"product","2":"type-product","3":"status-publish","4":"has-post-thumbnail","6":"product_cat-motorisation-portail-battant","7":"product_cat-motorisations","9":"first","10":"instock","11":"taxable","12":"shipping-taxable","13":"product-type-simple"},"_links":{"self":[{"href":"https:\/\/monbip.fr\/de\/wp-json\/wp\/v2\/product\/6175","targetHints":{"allow":["GET"]}}],"collection":[{"href":"https:\/\/monbip.fr\/de\/wp-json\/wp\/v2\/product"}],"about":[{"href":"https:\/\/monbip.fr\/de\/wp-json\/wp\/v2\/types\/product"}],"wp:featuredmedia":[{"embeddable":true,"href":"https:\/\/monbip.fr\/de\/wp-json\/wp\/v2\/media\/6259"}],"wp:attachment":[{"href":"https:\/\/monbip.fr\/de\/wp-json\/wp\/v2\/media?parent=6175"}],"wp:term":[{"taxonomy":"product_brand","embeddable":true,"href":"https:\/\/monbip.fr\/de\/wp-json\/wp\/v2\/product_brand?post=6175"},{"taxonomy":"product_cat","embeddable":true,"href":"https:\/\/monbip.fr\/de\/wp-json\/wp\/v2\/product_cat?post=6175"},{"taxonomy":"product_tag","embeddable":true,"href":"https:\/\/monbip.fr\/de\/wp-json\/wp\/v2\/product_tag?post=6175"}],"curies":[{"name":"wp","href":"https:\/\/api.w.org\/{rel}","templated":true}]}}