{"id":6177,"date":"2022-01-18T19:08:14","date_gmt":"2022-01-18T19:08:14","guid":{"rendered":"https:\/\/monbip.fr\/?post_type=product&#038;p=6177"},"modified":"2022-01-18T19:08:27","modified_gmt":"2022-01-18T19:08:27","slug":"moteur-a-bras-articule-faac-391e-24v","status":"publish","type":"product","link":"https:\/\/monbip.fr\/de\/produkt\/motorisierungen\/drehtorantriebe\/moteur-a-bras-articule-faac-391e-24v\/","title":{"rendered":"Moteur \u00e0 bras articul\u00e9 FAAC 391E 24V"},"content":{"rendered":"","protected":false},"excerpt":{"rendered":"<p>Actionneur \u00e9lectrom\u00e9canique avec bras articul\u00e9 24V<\/p>\n<p>Longueur max d&#8217;une feuille 2m &#8211; 2,5m (avec serrure \u00e9lectrique)<\/p>\n<p>Carte \u00e9lectronique E391 int\u00e9gr\u00e9e<\/p>\n","protected":false},"featured_media":6274,"template":"","meta":[],"product_brand":[],"product_cat":[207,202],"product_tag":[145],"class_list":{"0":"post-6177","1":"product","2":"type-product","3":"status-publish","4":"has-post-thumbnail","6":"product_cat-motorisation-portail-battant","7":"product_cat-motorisations","8":"product_tag-faac","10":"first","11":"instock","12":"sale","13":"taxable","14":"shipping-taxable","15":"purchasable","16":"product-type-simple"},"_links":{"self":[{"href":"https:\/\/monbip.fr\/de\/wp-json\/wp\/v2\/product\/6177","targetHints":{"allow":["GET"]}}],"collection":[{"href":"https:\/\/monbip.fr\/de\/wp-json\/wp\/v2\/product"}],"about":[{"href":"https:\/\/monbip.fr\/de\/wp-json\/wp\/v2\/types\/product"}],"wp:featuredmedia":[{"embeddable":true,"href":"https:\/\/monbip.fr\/de\/wp-json\/wp\/v2\/media\/6274"}],"wp:attachment":[{"href":"https:\/\/monbip.fr\/de\/wp-json\/wp\/v2\/media?parent=6177"}],"wp:term":[{"taxonomy":"product_brand","embeddable":true,"href":"https:\/\/monbip.fr\/de\/wp-json\/wp\/v2\/product_brand?post=6177"},{"taxonomy":"product_cat","embeddable":true,"href":"https:\/\/monbip.fr\/de\/wp-json\/wp\/v2\/product_cat?post=6177"},{"taxonomy":"product_tag","embeddable":true,"href":"https:\/\/monbip.fr\/de\/wp-json\/wp\/v2\/product_tag?post=6177"}],"curies":[{"name":"wp","href":"https:\/\/api.w.org\/{rel}","templated":true}]}}