{"id":6178,"date":"2022-01-18T19:08:14","date_gmt":"2022-01-18T19:08:14","guid":{"rendered":"https:\/\/monbip.fr\/?post_type=product&#038;p=6178"},"modified":"2022-01-18T19:08:28","modified_gmt":"2022-01-18T19:08:28","slug":"moteur-battant-faac-412-230-dx","status":"publish","type":"product","link":"https:\/\/monbip.fr\/de\/produkt\/motorisierungen\/drehtorantriebe\/moteur-battant-faac-412-230-dx\/","title":{"rendered":"Moteur Battant FAAC 412 230 DX"},"content":{"rendered":"","protected":false},"excerpt":{"rendered":"<p>Actionneur \u00e9lectrom\u00e9canique 230V, Longueur max feuille simple 1,8 m<\/p>\n<p>\u2022 Actionneur irr\u00e9versible, ne n\u00e9cessite pas de serrure \u00e9lectrique.<br \/>\n\u2022 Installation et maintenance simplifi\u00e9es.<br \/>\n\u2022 Dispositif de d\u00e9verrouillage accessible depuis l&#8217;arri\u00e8re de l&#8217;actionneur.<\/p>\n","protected":false},"featured_media":6277,"template":"","meta":[],"product_brand":[],"product_cat":[207,202],"product_tag":[145],"class_list":{"0":"post-6178","1":"product","2":"type-product","3":"status-publish","4":"has-post-thumbnail","6":"product_cat-motorisation-portail-battant","7":"product_cat-motorisations","8":"product_tag-faac","10":"first","11":"instock","12":"sale","13":"taxable","14":"shipping-taxable","15":"purchasable","16":"product-type-simple"},"_links":{"self":[{"href":"https:\/\/monbip.fr\/de\/wp-json\/wp\/v2\/product\/6178","targetHints":{"allow":["GET"]}}],"collection":[{"href":"https:\/\/monbip.fr\/de\/wp-json\/wp\/v2\/product"}],"about":[{"href":"https:\/\/monbip.fr\/de\/wp-json\/wp\/v2\/types\/product"}],"wp:featuredmedia":[{"embeddable":true,"href":"https:\/\/monbip.fr\/de\/wp-json\/wp\/v2\/media\/6277"}],"wp:attachment":[{"href":"https:\/\/monbip.fr\/de\/wp-json\/wp\/v2\/media?parent=6178"}],"wp:term":[{"taxonomy":"product_brand","embeddable":true,"href":"https:\/\/monbip.fr\/de\/wp-json\/wp\/v2\/product_brand?post=6178"},{"taxonomy":"product_cat","embeddable":true,"href":"https:\/\/monbip.fr\/de\/wp-json\/wp\/v2\/product_cat?post=6178"},{"taxonomy":"product_tag","embeddable":true,"href":"https:\/\/monbip.fr\/de\/wp-json\/wp\/v2\/product_tag?post=6178"}],"curies":[{"name":"wp","href":"https:\/\/api.w.org\/{rel}","templated":true}]}}