{"id":6179,"date":"2022-01-18T19:08:14","date_gmt":"2022-01-18T19:08:14","guid":{"rendered":"https:\/\/monbip.fr\/?post_type=product&#038;p=6179"},"modified":"2022-01-18T19:08:29","modified_gmt":"2022-01-18T19:08:29","slug":"moteur-battant-faac-413-230v","status":"publish","type":"product","link":"https:\/\/monbip.fr\/de\/produkt\/motorisierungen\/drehtorantriebe\/moteur-battant-faac-413-230v\/","title":{"rendered":"Moteur Battant FAAC 413 230V"},"content":{"rendered":"","protected":false},"excerpt":{"rendered":"<p>Actionneur \u00e9lectrom\u00e9canique 230V, Longueur max feuille simple 1,8 m 2,5 m (avec serrure \u00e9lectrique)<\/p>\n<p>\u2022 Actionneur \u00e0 pouss\u00e9e &#8220;hors axe&#8221;.<br \/>\n\u2022 Serrures m\u00e9caniques d&#8217;ouverture et de fermeture int\u00e9gr\u00e9es<br \/>\n(possibilit\u00e9 de ne pas installer les but\u00e9es m\u00e9caniques).<br \/>\n\u2022 Sortie de c\u00e2ble horizontale pour permettre une installation pr\u00e8s du sol<\/p>\n","protected":false},"featured_media":6280,"template":"","meta":[],"product_brand":[],"product_cat":[207,202],"product_tag":[145],"class_list":{"0":"post-6179","1":"product","2":"type-product","3":"status-publish","4":"has-post-thumbnail","6":"product_cat-motorisation-portail-battant","7":"product_cat-motorisations","8":"product_tag-faac","10":"first","11":"instock","12":"sale","13":"taxable","14":"shipping-taxable","15":"purchasable","16":"product-type-simple"},"_links":{"self":[{"href":"https:\/\/monbip.fr\/de\/wp-json\/wp\/v2\/product\/6179","targetHints":{"allow":["GET"]}}],"collection":[{"href":"https:\/\/monbip.fr\/de\/wp-json\/wp\/v2\/product"}],"about":[{"href":"https:\/\/monbip.fr\/de\/wp-json\/wp\/v2\/types\/product"}],"wp:featuredmedia":[{"embeddable":true,"href":"https:\/\/monbip.fr\/de\/wp-json\/wp\/v2\/media\/6280"}],"wp:attachment":[{"href":"https:\/\/monbip.fr\/de\/wp-json\/wp\/v2\/media?parent=6179"}],"wp:term":[{"taxonomy":"product_brand","embeddable":true,"href":"https:\/\/monbip.fr\/de\/wp-json\/wp\/v2\/product_brand?post=6179"},{"taxonomy":"product_cat","embeddable":true,"href":"https:\/\/monbip.fr\/de\/wp-json\/wp\/v2\/product_cat?post=6179"},{"taxonomy":"product_tag","embeddable":true,"href":"https:\/\/monbip.fr\/de\/wp-json\/wp\/v2\/product_tag?post=6179"}],"curies":[{"name":"wp","href":"https:\/\/api.w.org\/{rel}","templated":true}]}}