{"id":6182,"date":"2022-01-18T19:08:14","date_gmt":"2022-01-18T19:08:14","guid":{"rendered":"https:\/\/monbip.fr\/?post_type=product&#038;p=6182"},"modified":"2022-01-18T19:08:32","modified_gmt":"2022-01-18T19:08:32","slug":"moteur-coulissant-faac-741-e-z16","status":"publish","type":"product","link":"https:\/\/monbip.fr\/de\/produkt\/motorisierungen\/motorisierung-von-garagentoren-de\/moteur-coulissant-faac-741-e-z16\/","title":{"rendered":"Moteur Coulissant FAAC 741 E Z16"},"content":{"rendered":"","protected":false},"excerpt":{"rendered":"<p><em>FAAC 741 E Z16<\/em>\u00a0pour portail\u00a0<em>coulissant<\/em>\u00a0jusqu&#8217;\u00e0 900 kg<\/p>\n<p>\u2022 Programmation simplifi\u00e9e gr\u00e2ce \u00e0 l\u2019\u00e9cran et au bo\u00eetier pr\u00e9c\u00e2bl\u00e9.<br \/>\n\u2022 Fin de course magn\u00e9tique<br \/>\n\u2022 ENCODEUR int\u00e9gr\u00e9 pour l\u2019inversion en cas de rencontre d\u2019un obstacle lors de la man\u0153uvre, et<br \/>\nMan\u0153uvre pr\u00e9cise d\u2019ouverture partielle et d\u2019arr\u00eat en douceur<\/p>\n","protected":false},"featured_media":6292,"template":"","meta":[],"product_brand":[],"product_cat":[203,202],"product_tag":[145],"class_list":{"0":"post-6182","1":"product","2":"type-product","3":"status-publish","4":"has-post-thumbnail","6":"product_cat-motorisation-porte-de-garage","7":"product_cat-motorisations","8":"product_tag-faac","10":"first","11":"instock","12":"sale","13":"taxable","14":"shipping-taxable","15":"purchasable","16":"product-type-simple"},"_links":{"self":[{"href":"https:\/\/monbip.fr\/de\/wp-json\/wp\/v2\/product\/6182","targetHints":{"allow":["GET"]}}],"collection":[{"href":"https:\/\/monbip.fr\/de\/wp-json\/wp\/v2\/product"}],"about":[{"href":"https:\/\/monbip.fr\/de\/wp-json\/wp\/v2\/types\/product"}],"wp:featuredmedia":[{"embeddable":true,"href":"https:\/\/monbip.fr\/de\/wp-json\/wp\/v2\/media\/6292"}],"wp:attachment":[{"href":"https:\/\/monbip.fr\/de\/wp-json\/wp\/v2\/media?parent=6182"}],"wp:term":[{"taxonomy":"product_brand","embeddable":true,"href":"https:\/\/monbip.fr\/de\/wp-json\/wp\/v2\/product_brand?post=6182"},{"taxonomy":"product_cat","embeddable":true,"href":"https:\/\/monbip.fr\/de\/wp-json\/wp\/v2\/product_cat?post=6182"},{"taxonomy":"product_tag","embeddable":true,"href":"https:\/\/monbip.fr\/de\/wp-json\/wp\/v2\/product_tag?post=6182"}],"curies":[{"name":"wp","href":"https:\/\/api.w.org\/{rel}","templated":true}]}}