{"id":6183,"date":"2022-01-18T19:08:15","date_gmt":"2022-01-18T19:08:15","guid":{"rendered":"https:\/\/monbip.fr\/?post_type=product&#038;p=6183"},"modified":"2022-01-18T19:08:32","modified_gmt":"2022-01-18T19:08:32","slug":"moteur-coulissant-faac-c720-24v","status":"publish","type":"product","link":"https:\/\/monbip.fr\/de\/produkt\/motorisierungen\/motorisierung-von-garagentoren-de\/moteur-coulissant-faac-c720-24v\/","title":{"rendered":"Moteur Coulissant FAAC C720 24V"},"content":{"rendered":"","protected":false},"excerpt":{"rendered":"<p>Motor\u00e9ducteur basse tension 24V FAAC C720 pour portail jusqu\u2019\u00e0 400 kg<\/p>\n<p>\u2022 Carte de commande \u00e9lectronique avec dispositif anti-\u00e9crasement et encodeur \u00e9lectronique avec fonction d&#8217;inversion anti-\u00e9crasement.<br \/>\n\u2022 Fin de course magn\u00e9tique.<\/p>\n","protected":false},"featured_media":6295,"template":"","meta":[],"product_brand":[],"product_cat":[203,202],"product_tag":[145],"class_list":{"0":"post-6183","1":"product","2":"type-product","3":"status-publish","4":"has-post-thumbnail","6":"product_cat-motorisation-porte-de-garage","7":"product_cat-motorisations","8":"product_tag-faac","10":"first","11":"instock","12":"sale","13":"taxable","14":"shipping-taxable","15":"purchasable","16":"product-type-simple"},"_links":{"self":[{"href":"https:\/\/monbip.fr\/de\/wp-json\/wp\/v2\/product\/6183","targetHints":{"allow":["GET"]}}],"collection":[{"href":"https:\/\/monbip.fr\/de\/wp-json\/wp\/v2\/product"}],"about":[{"href":"https:\/\/monbip.fr\/de\/wp-json\/wp\/v2\/types\/product"}],"wp:featuredmedia":[{"embeddable":true,"href":"https:\/\/monbip.fr\/de\/wp-json\/wp\/v2\/media\/6295"}],"wp:attachment":[{"href":"https:\/\/monbip.fr\/de\/wp-json\/wp\/v2\/media?parent=6183"}],"wp:term":[{"taxonomy":"product_brand","embeddable":true,"href":"https:\/\/monbip.fr\/de\/wp-json\/wp\/v2\/product_brand?post=6183"},{"taxonomy":"product_cat","embeddable":true,"href":"https:\/\/monbip.fr\/de\/wp-json\/wp\/v2\/product_cat?post=6183"},{"taxonomy":"product_tag","embeddable":true,"href":"https:\/\/monbip.fr\/de\/wp-json\/wp\/v2\/product_tag?post=6183"}],"curies":[{"name":"wp","href":"https:\/\/api.w.org\/{rel}","templated":true}]}}