{"id":6185,"date":"2022-01-18T19:08:15","date_gmt":"2022-01-18T19:08:15","guid":{"rendered":"https:\/\/monbip.fr\/?post_type=product&#038;p=6185"},"modified":"2022-01-18T19:08:34","modified_gmt":"2022-01-18T19:08:34","slug":"moteur-coulissant-faac-746-e-r-z16","status":"publish","type":"product","link":"https:\/\/monbip.fr\/de\/produkt\/motorisierungen\/motorisierung-von-garagentoren-de\/moteur-coulissant-faac-746-e-r-z16\/","title":{"rendered":"Moteur Coulissant FAAC 746 E R Z16"},"content":{"rendered":"","protected":false},"excerpt":{"rendered":"<p>FAAC 746 E R Z16 pour portail jusqu\u2019\u00e0 600 kg, carte \u00e9lectronique 780D int\u00e9gr\u00e9e.<\/p>\n<p>\u2022 S\u00e9curit\u00e9 anti-\u00e9crasement maximale gr\u00e2ce \u00e0 la combinaison de l&#8217;embrayage \u00e0 double disque \u00e0 bain d&#8217;huile avec l&#8217;appareil \u00e9lectronique avec encodeur.<br \/>\n\u2022 Fin de course magn\u00e9tique, installation simplifi\u00e9e d&#8217;aimants de fin de course.<br \/>\n\u2022 Pr\u00e9paration \u00e0 la hauteur et fixation r\u00e9glable lat\u00e9ralement.<\/p>\n","protected":false},"featured_media":6307,"template":"","meta":[],"product_brand":[],"product_cat":[203,202],"product_tag":[145],"class_list":{"0":"post-6185","1":"product","2":"type-product","3":"status-publish","4":"has-post-thumbnail","6":"product_cat-motorisation-porte-de-garage","7":"product_cat-motorisations","8":"product_tag-faac","10":"first","11":"instock","12":"sale","13":"taxable","14":"shipping-taxable","15":"purchasable","16":"product-type-simple"},"_links":{"self":[{"href":"https:\/\/monbip.fr\/de\/wp-json\/wp\/v2\/product\/6185","targetHints":{"allow":["GET"]}}],"collection":[{"href":"https:\/\/monbip.fr\/de\/wp-json\/wp\/v2\/product"}],"about":[{"href":"https:\/\/monbip.fr\/de\/wp-json\/wp\/v2\/types\/product"}],"wp:featuredmedia":[{"embeddable":true,"href":"https:\/\/monbip.fr\/de\/wp-json\/wp\/v2\/media\/6307"}],"wp:attachment":[{"href":"https:\/\/monbip.fr\/de\/wp-json\/wp\/v2\/media?parent=6185"}],"wp:term":[{"taxonomy":"product_brand","embeddable":true,"href":"https:\/\/monbip.fr\/de\/wp-json\/wp\/v2\/product_brand?post=6185"},{"taxonomy":"product_cat","embeddable":true,"href":"https:\/\/monbip.fr\/de\/wp-json\/wp\/v2\/product_cat?post=6185"},{"taxonomy":"product_tag","embeddable":true,"href":"https:\/\/monbip.fr\/de\/wp-json\/wp\/v2\/product_tag?post=6185"}],"curies":[{"name":"wp","href":"https:\/\/api.w.org\/{rel}","templated":true}]}}