{"id":6186,"date":"2022-01-18T19:08:15","date_gmt":"2022-01-18T19:08:15","guid":{"rendered":"https:\/\/monbip.fr\/?post_type=product&#038;p=6186"},"modified":"2025-10-15T08:53:56","modified_gmt":"2025-10-15T06:53:56","slug":"moteur-coulissant-faac-746-e-r-z20","status":"publish","type":"product","link":"https:\/\/monbip.fr\/de\/produkt\/motorisierungen\/motorisierung-von-garagentoren-de\/moteur-coulissant-faac-746-e-r-z20\/","title":{"rendered":"Moteur Coulissant FAAC 746 E R Z20"},"content":{"rendered":"","protected":false},"excerpt":{"rendered":"<p>FAAC 746 E R Z16 pour portail jusqu\u2019\u00e0 400 kg, carte \u00e9lectronique 780D int\u00e9gr\u00e9e.<\/p>\n<p>\u2022 S\u00e9curit\u00e9 anti-\u00e9crasement maximale gr\u00e2ce \u00e0 la combinaison de l\u2019embrayage \u00e0 double disque \u00e0 bain d\u2019huile avec l\u2019appareil \u00e9lectronique avec encodeur.<br \/>\n\u2022 Fin de course magn\u00e9tique, installation simplifi\u00e9e d\u2019aimants de fin de course.<br \/>\n\u2022 Pr\u00e9paration \u00e0 la hauteur et fixation r\u00e9glable lat\u00e9ralement.<\/p>\n","protected":false},"featured_media":6313,"template":"","meta":[],"product_brand":[],"product_cat":[203,202],"product_tag":[],"class_list":{"0":"post-6186","1":"product","2":"type-product","3":"status-publish","4":"has-post-thumbnail","6":"product_cat-motorisation-porte-de-garage","7":"product_cat-motorisations","9":"first","10":"instock","11":"sale","12":"taxable","13":"shipping-taxable","14":"purchasable","15":"product-type-simple"},"_links":{"self":[{"href":"https:\/\/monbip.fr\/de\/wp-json\/wp\/v2\/product\/6186","targetHints":{"allow":["GET"]}}],"collection":[{"href":"https:\/\/monbip.fr\/de\/wp-json\/wp\/v2\/product"}],"about":[{"href":"https:\/\/monbip.fr\/de\/wp-json\/wp\/v2\/types\/product"}],"wp:featuredmedia":[{"embeddable":true,"href":"https:\/\/monbip.fr\/de\/wp-json\/wp\/v2\/media\/6313"}],"wp:attachment":[{"href":"https:\/\/monbip.fr\/de\/wp-json\/wp\/v2\/media?parent=6186"}],"wp:term":[{"taxonomy":"product_brand","embeddable":true,"href":"https:\/\/monbip.fr\/de\/wp-json\/wp\/v2\/product_brand?post=6186"},{"taxonomy":"product_cat","embeddable":true,"href":"https:\/\/monbip.fr\/de\/wp-json\/wp\/v2\/product_cat?post=6186"},{"taxonomy":"product_tag","embeddable":true,"href":"https:\/\/monbip.fr\/de\/wp-json\/wp\/v2\/product_tag?post=6186"}],"curies":[{"name":"wp","href":"https:\/\/api.w.org\/{rel}","templated":true}]}}