{"id":6187,"date":"2022-01-18T19:08:15","date_gmt":"2022-01-18T19:08:15","guid":{"rendered":"https:\/\/monbip.fr\/?post_type=product&#038;p=6187"},"modified":"2026-01-13T23:12:43","modified_gmt":"2026-01-13T21:12:43","slug":"moteur-coulissant-faac-844-e-r-z16-230v","status":"publish","type":"product","link":"https:\/\/monbip.fr\/de\/produkt\/motorisierungen\/motorisierung-von-garagentoren-de\/moteur-coulissant-faac-844-e-r-z16-230v\/","title":{"rendered":"Moteur Coulissant FAAC 844 E R  Z16 230V"},"content":{"rendered":"","protected":false},"excerpt":{"rendered":"<p><em>FAAC FAAC 844 E R Z16 230V <\/em>\u00a0pour portail\u00a0<em>coulissant<\/em> jusqu\u2019\u00e0 1800 kg<\/p>\n<p>S\u00e9curit\u00e9 anti-\u00e9crasement maximale gr\u00e2ce \u00e0 la combinaison de l&#8217;embrayage \u00e0 double disque \u00e0 bain d&#8217;huile avec l&#8217;appareil \u00e9lectronique avec encodeur.<br \/>\n\u2022 Fin de course magn\u00e9tique, installation simplifi\u00e9e d&#8217;aimants de fin de course.<br \/>\n\u2022 Pr\u00e9paration \u00e0 la hauteur et fixation r\u00e9glable lat\u00e9ralement.<\/p>\n","protected":false},"featured_media":6316,"template":"","meta":[],"product_brand":[],"product_cat":[203,202],"product_tag":[],"class_list":{"0":"post-6187","1":"product","2":"type-product","3":"status-publish","4":"has-post-thumbnail","6":"product_cat-motorisation-porte-de-garage","7":"product_cat-motorisations","9":"first","10":"instock","11":"sale","12":"taxable","13":"shipping-taxable","14":"purchasable","15":"product-type-simple"},"_links":{"self":[{"href":"https:\/\/monbip.fr\/de\/wp-json\/wp\/v2\/product\/6187","targetHints":{"allow":["GET"]}}],"collection":[{"href":"https:\/\/monbip.fr\/de\/wp-json\/wp\/v2\/product"}],"about":[{"href":"https:\/\/monbip.fr\/de\/wp-json\/wp\/v2\/types\/product"}],"wp:featuredmedia":[{"embeddable":true,"href":"https:\/\/monbip.fr\/de\/wp-json\/wp\/v2\/media\/6316"}],"wp:attachment":[{"href":"https:\/\/monbip.fr\/de\/wp-json\/wp\/v2\/media?parent=6187"}],"wp:term":[{"taxonomy":"product_brand","embeddable":true,"href":"https:\/\/monbip.fr\/de\/wp-json\/wp\/v2\/product_brand?post=6187"},{"taxonomy":"product_cat","embeddable":true,"href":"https:\/\/monbip.fr\/de\/wp-json\/wp\/v2\/product_cat?post=6187"},{"taxonomy":"product_tag","embeddable":true,"href":"https:\/\/monbip.fr\/de\/wp-json\/wp\/v2\/product_tag?post=6187"}],"curies":[{"name":"wp","href":"https:\/\/api.w.org\/{rel}","templated":true}]}}