{"id":6190,"date":"2022-01-18T19:08:15","date_gmt":"2022-01-18T19:08:15","guid":{"rendered":"https:\/\/monbip.fr\/?post_type=product&#038;p=6190"},"modified":"2026-03-02T17:21:01","modified_gmt":"2026-03-02T15:21:01","slug":"moteur-de-garage-sectionnelle-faac-d600","status":"publish","type":"product","link":"https:\/\/monbip.fr\/de\/produkt\/motorisierungen\/motorisierung-von-garagentoren-de\/moteur-de-garage-sectionnelle-faac-d600\/","title":{"rendered":"Moteur de Garage sectionnelle FAAC D600"},"content":{"rendered":"","protected":false},"excerpt":{"rendered":"<p>Moteur FAAC D600\u00a0 600N<\/p>\n<p>\u2022 Installation rapide et simple gr\u00e2ce au guide et \u00e0 la fixation pr\u00e9-assembl\u00e9s<br \/>\nde l&#8217;automatisation sans outils avec accouplement rotatif.<br \/>\n\u2022 Entra\u00eenement par cha\u00eene \/ courroie.<br \/>\n\u2022 D\u00e9c\u00e9l\u00e9ration de fin de course r\u00e9glable \u00e9lectroniquement.<\/p>\n","protected":false},"featured_media":6348,"template":"","meta":[],"product_brand":[],"product_cat":[203,202],"product_tag":[],"class_list":{"0":"post-6190","1":"product","2":"type-product","3":"status-publish","4":"has-post-thumbnail","6":"product_cat-motorisation-porte-de-garage","7":"product_cat-motorisations","9":"first","10":"instock","11":"sale","12":"taxable","13":"shipping-taxable","14":"purchasable","15":"product-type-simple"},"_links":{"self":[{"href":"https:\/\/monbip.fr\/de\/wp-json\/wp\/v2\/product\/6190","targetHints":{"allow":["GET"]}}],"collection":[{"href":"https:\/\/monbip.fr\/de\/wp-json\/wp\/v2\/product"}],"about":[{"href":"https:\/\/monbip.fr\/de\/wp-json\/wp\/v2\/types\/product"}],"wp:featuredmedia":[{"embeddable":true,"href":"https:\/\/monbip.fr\/de\/wp-json\/wp\/v2\/media\/6348"}],"wp:attachment":[{"href":"https:\/\/monbip.fr\/de\/wp-json\/wp\/v2\/media?parent=6190"}],"wp:term":[{"taxonomy":"product_brand","embeddable":true,"href":"https:\/\/monbip.fr\/de\/wp-json\/wp\/v2\/product_brand?post=6190"},{"taxonomy":"product_cat","embeddable":true,"href":"https:\/\/monbip.fr\/de\/wp-json\/wp\/v2\/product_cat?post=6190"},{"taxonomy":"product_tag","embeddable":true,"href":"https:\/\/monbip.fr\/de\/wp-json\/wp\/v2\/product_tag?post=6190"}],"curies":[{"name":"wp","href":"https:\/\/api.w.org\/{rel}","templated":true}]}}