{"id":6193,"date":"2022-01-18T19:08:15","date_gmt":"2022-01-18T19:08:15","guid":{"rendered":"https:\/\/monbip.fr\/?post_type=product&#038;p=6193"},"modified":"2022-01-18T19:08:45","modified_gmt":"2022-01-18T19:08:45","slug":"operateur-hydraulique-faac-593-230v","status":"publish","type":"product","link":"https:\/\/monbip.fr\/de\/produkt\/motorisierungen\/motorisierung-von-garagentoren-de\/operateur-hydraulique-faac-593-230v\/","title":{"rendered":"Op\u00e9rateur hydraulique FAAC 593 230V"},"content":{"rendered":"","protected":false},"excerpt":{"rendered":"<p>FAAC 593 Actionneur ol\u00e9odynamique 230V. Porte basculante 3,5 x 2,7 m<\/p>\n<p>\u2022 Actionneur s\u00fbr, durable, puissant et silencieux<br \/>\n\u2022 S\u00e9curit\u00e9 anti-\u00e9crasement garantie par un dispositif ol\u00e9odynamique<br \/>\n\u2022 L&#8217;anti-intrusion est garantie gr\u00e2ce au verrouillage hydraulique en ouverture et en fermeture<\/p>\n","protected":false},"featured_media":6360,"template":"","meta":[],"product_brand":[],"product_cat":[203,202],"product_tag":[145],"class_list":{"0":"post-6193","1":"product","2":"type-product","3":"status-publish","4":"has-post-thumbnail","6":"product_cat-motorisation-porte-de-garage","7":"product_cat-motorisations","8":"product_tag-faac","10":"first","11":"instock","12":"sale","13":"taxable","14":"shipping-taxable","15":"purchasable","16":"product-type-simple"},"_links":{"self":[{"href":"https:\/\/monbip.fr\/de\/wp-json\/wp\/v2\/product\/6193","targetHints":{"allow":["GET"]}}],"collection":[{"href":"https:\/\/monbip.fr\/de\/wp-json\/wp\/v2\/product"}],"about":[{"href":"https:\/\/monbip.fr\/de\/wp-json\/wp\/v2\/types\/product"}],"wp:featuredmedia":[{"embeddable":true,"href":"https:\/\/monbip.fr\/de\/wp-json\/wp\/v2\/media\/6360"}],"wp:attachment":[{"href":"https:\/\/monbip.fr\/de\/wp-json\/wp\/v2\/media?parent=6193"}],"wp:term":[{"taxonomy":"product_brand","embeddable":true,"href":"https:\/\/monbip.fr\/de\/wp-json\/wp\/v2\/product_brand?post=6193"},{"taxonomy":"product_cat","embeddable":true,"href":"https:\/\/monbip.fr\/de\/wp-json\/wp\/v2\/product_cat?post=6193"},{"taxonomy":"product_tag","embeddable":true,"href":"https:\/\/monbip.fr\/de\/wp-json\/wp\/v2\/product_tag?post=6193"}],"curies":[{"name":"wp","href":"https:\/\/api.w.org\/{rel}","templated":true}]}}