{"id":6195,"date":"2022-01-18T19:08:16","date_gmt":"2022-01-18T19:08:16","guid":{"rendered":"https:\/\/monbip.fr\/?post_type=product&#038;p=6195"},"modified":"2022-01-18T19:08:47","modified_gmt":"2022-01-18T19:08:47","slug":"kit-barriere-automatique-24v-faac-b614","status":"publish","type":"product","link":"https:\/\/monbip.fr\/de\/produkt\/motorisierungen\/drehtorantriebe\/kit-barriere-automatique-24v-faac-b614\/","title":{"rendered":"Kit Barri\u00e8re automatique 24V FAAC B614"},"content":{"rendered":"<p>Temp. Environnement d&#8217;exploitation -20 \u00b0 C \u00f7 + 55 \u00b0 C,<br \/>\nDegr\u00e9 de protection IP55,<br \/>\nPoids 40 Kg,<br \/>\nTension alimentation 220-240V ~ 50\/60 Hz,<br \/>\nPuissance Max. 165 W,<br \/>\nPar max. 300 Nm &#8211; 63 Nm (Pouss\u00e9e -45\u00ba),<\/p>\n<p><strong>Le Kit contient<\/strong>:<\/p>\n<p>Moteur FAAC B614 RAL 3020 ROUGE 24V<\/p>\n<p>Plaque de fixation B614<\/p>\n<p>BARRE D&#8217;AMARRAGE S 615\/620<\/p>\n<p>M\u00c2T 3,3 M<\/p>\n<p>RESSORT D&#8217;\u00c9QUILIBRAGE B614<\/p>\n<p>KIT 6 AUTOCOLLANTS R\u00e9flecteurs<\/p>\n<p>R\u00e9cepteur universel RNE 248 U LP 12\/24V, 400 utilisateurs 433 et 868 Mhz 2 canaux,<\/p>\n<p>2. T\u00e9l\u00e9commandes NT 82 S incopiable<\/p>\n<p>PHOTOCELLULE r\u00e9glable XP20W D 20M<\/p>\n<p>&nbsp;<\/p>\n","protected":false},"excerpt":{"rendered":"<p>FAAC B614 Barri\u00e8re automatique \u00e9lectrom\u00e9canique 24V.<br \/>\nFr\u00e9quence d&#8217;utilisation 100%, Carte \u00e9lectronique E614 int\u00e9gr\u00e9e.<\/p>\n<p>S\u00e9curit\u00e9 anti-\u00e9crasement maximale et moteur avec encodeur int\u00e9gr\u00e9.<\/p>\n<p>R\u00e9glage de la vitesse et fonctionnement en douceur avec ralentissement m\u00e9canique et \u00e9lectronique.<\/p>\n<p>Unit\u00e9 de contr\u00f4le int\u00e9gr\u00e9e dans la partie sup\u00e9rieure du corps de poutre, c&#8217;est-\u00e0-dire maintenance et programmation faciles intuitif.<\/p>\n<p>Longueur du bar 3 m, possibilit\u00e9 bar 5 m. Temps d&#8217;ouverture &lt;2 s (80\u00ba avec bar 3 m)<\/p>\n","protected":false},"featured_media":6366,"template":"","meta":[],"product_brand":[],"product_cat":[207,202],"product_tag":[145],"class_list":{"0":"post-6195","1":"product","2":"type-product","3":"status-publish","4":"has-post-thumbnail","6":"product_cat-motorisation-portail-battant","7":"product_cat-motorisations","8":"product_tag-faac","10":"first","11":"instock","12":"sale","13":"taxable","14":"shipping-taxable","15":"purchasable","16":"product-type-simple"},"_links":{"self":[{"href":"https:\/\/monbip.fr\/de\/wp-json\/wp\/v2\/product\/6195","targetHints":{"allow":["GET"]}}],"collection":[{"href":"https:\/\/monbip.fr\/de\/wp-json\/wp\/v2\/product"}],"about":[{"href":"https:\/\/monbip.fr\/de\/wp-json\/wp\/v2\/types\/product"}],"wp:featuredmedia":[{"embeddable":true,"href":"https:\/\/monbip.fr\/de\/wp-json\/wp\/v2\/media\/6366"}],"wp:attachment":[{"href":"https:\/\/monbip.fr\/de\/wp-json\/wp\/v2\/media?parent=6195"}],"wp:term":[{"taxonomy":"product_brand","embeddable":true,"href":"https:\/\/monbip.fr\/de\/wp-json\/wp\/v2\/product_brand?post=6195"},{"taxonomy":"product_cat","embeddable":true,"href":"https:\/\/monbip.fr\/de\/wp-json\/wp\/v2\/product_cat?post=6195"},{"taxonomy":"product_tag","embeddable":true,"href":"https:\/\/monbip.fr\/de\/wp-json\/wp\/v2\/product_tag?post=6195"}],"curies":[{"name":"wp","href":"https:\/\/api.w.org\/{rel}","templated":true}]}}