{"id":6339,"date":"2022-01-18T19:08:40","date_gmt":"2022-01-18T19:08:40","guid":{"rendered":"https:\/\/monbip.fr\/?post_type=product&#038;p=6339"},"modified":"2022-01-18T19:09:08","modified_gmt":"2022-01-18T19:09:08","slug":"recepteur-faac-rp2-868-slh","status":"publish","type":"product","link":"https:\/\/monbip.fr\/de\/produkt\/empfaenger-de\/recepteur-faac-rp2-868-slh\/","title":{"rendered":"R\u00e9cepteur FAAC RP2 868 SLH"},"content":{"rendered":"","protected":false},"excerpt":{"rendered":"<p>R\u00e9cepteu.r \u00e0 coupleur rapide (compatible avec tous les appareils \u00e9lectroniques FAAC \u00e9quip\u00e9 d&#8217;un connecteur \u00e0 connexion rapide \u00e0 5 broches.<\/p>\n","protected":false},"featured_media":6450,"template":"","meta":[],"product_brand":[],"product_cat":[209],"product_tag":[145],"class_list":{"0":"post-6339","1":"product","2":"type-product","3":"status-publish","4":"has-post-thumbnail","6":"product_cat-recepteurs","7":"product_tag-faac","9":"first","10":"instock","11":"sale","12":"taxable","13":"shipping-taxable","14":"purchasable","15":"product-type-simple"},"_links":{"self":[{"href":"https:\/\/monbip.fr\/de\/wp-json\/wp\/v2\/product\/6339","targetHints":{"allow":["GET"]}}],"collection":[{"href":"https:\/\/monbip.fr\/de\/wp-json\/wp\/v2\/product"}],"about":[{"href":"https:\/\/monbip.fr\/de\/wp-json\/wp\/v2\/types\/product"}],"wp:featuredmedia":[{"embeddable":true,"href":"https:\/\/monbip.fr\/de\/wp-json\/wp\/v2\/media\/6450"}],"wp:attachment":[{"href":"https:\/\/monbip.fr\/de\/wp-json\/wp\/v2\/media?parent=6339"}],"wp:term":[{"taxonomy":"product_brand","embeddable":true,"href":"https:\/\/monbip.fr\/de\/wp-json\/wp\/v2\/product_brand?post=6339"},{"taxonomy":"product_cat","embeddable":true,"href":"https:\/\/monbip.fr\/de\/wp-json\/wp\/v2\/product_cat?post=6339"},{"taxonomy":"product_tag","embeddable":true,"href":"https:\/\/monbip.fr\/de\/wp-json\/wp\/v2\/product_tag?post=6339"}],"curies":[{"name":"wp","href":"https:\/\/api.w.org\/{rel}","templated":true}]}}