{"id":6341,"date":"2022-01-18T19:08:40","date_gmt":"2022-01-18T19:08:40","guid":{"rendered":"https:\/\/monbip.fr\/?post_type=product&#038;p=6341"},"modified":"2022-01-18T19:09:10","modified_gmt":"2022-01-18T19:09:10","slug":"recepteur-externe-faac-xr2-868-c","status":"publish","type":"product","link":"https:\/\/monbip.fr\/de\/produkt\/empfaenger-de\/recepteur-externe-faac-xr2-868-c\/","title":{"rendered":"R\u00e9cepteur externe FAAC XR2 868 C"},"content":{"rendered":"","protected":false},"excerpt":{"rendered":"<p>R\u00e9cepteur externe (syst\u00e8me avec d\u00e9codeur int\u00e9gr\u00e9 dans un bo\u00eetier personnalis\u00e9 pour usage externe)<\/p>\n","protected":false},"featured_media":6456,"template":"","meta":[],"product_brand":[],"product_cat":[209],"product_tag":[145],"class_list":{"0":"post-6341","1":"product","2":"type-product","3":"status-publish","4":"has-post-thumbnail","6":"product_cat-recepteurs","7":"product_tag-faac","9":"first","10":"instock","11":"sale","12":"taxable","13":"shipping-taxable","14":"purchasable","15":"product-type-simple"},"_links":{"self":[{"href":"https:\/\/monbip.fr\/de\/wp-json\/wp\/v2\/product\/6341","targetHints":{"allow":["GET"]}}],"collection":[{"href":"https:\/\/monbip.fr\/de\/wp-json\/wp\/v2\/product"}],"about":[{"href":"https:\/\/monbip.fr\/de\/wp-json\/wp\/v2\/types\/product"}],"wp:featuredmedia":[{"embeddable":true,"href":"https:\/\/monbip.fr\/de\/wp-json\/wp\/v2\/media\/6456"}],"wp:attachment":[{"href":"https:\/\/monbip.fr\/de\/wp-json\/wp\/v2\/media?parent=6341"}],"wp:term":[{"taxonomy":"product_brand","embeddable":true,"href":"https:\/\/monbip.fr\/de\/wp-json\/wp\/v2\/product_brand?post=6341"},{"taxonomy":"product_cat","embeddable":true,"href":"https:\/\/monbip.fr\/de\/wp-json\/wp\/v2\/product_cat?post=6341"},{"taxonomy":"product_tag","embeddable":true,"href":"https:\/\/monbip.fr\/de\/wp-json\/wp\/v2\/product_tag?post=6341"}],"curies":[{"name":"wp","href":"https:\/\/api.w.org\/{rel}","templated":true}]}}