{"id":6433,"date":"2022-01-18T19:09:04","date_gmt":"2022-01-18T19:09:04","guid":{"rendered":"https:\/\/monbip.fr\/?post_type=product&#038;p=6433"},"modified":"2022-01-18T19:09:24","modified_gmt":"2022-01-18T19:09:24","slug":"serrure-pour-cles-magnetiques-clemsa-ck20","status":"publish","type":"product","link":"https:\/\/monbip.fr\/de\/produkt\/zubehoer-de\/serrure-pour-cles-magnetiques-clemsa-ck20\/","title":{"rendered":"Serrure pour cl\u00e9s magn\u00e9tiques CLEMSA CK20"},"content":{"rendered":"","protected":false},"excerpt":{"rendered":"<p>Serrures pour cl\u00e9s magn\u00e9tiques avec jusqu&#8217;\u00e0 6 aimants. Ils ne n\u00e9cessitent pas d&#8217;alimentation \u00e9lectrique. Ils ont un contact \u00e9lectrique de 10 A 230 V, avec un micro-interrupteur garanti 10 millions<br \/>\nop\u00e9rations. Le nombre de cl\u00e9s autoris\u00e9es est illimit\u00e9 et elles ont \u00e9t\u00e9 construites avec des mat\u00e9riaux de la plus haute qualit\u00e9 qui emp\u00eachent leur oxydation ou leur d\u00e9t\u00e9rioration<\/p>\n","protected":false},"featured_media":6516,"template":"","meta":[],"product_brand":[],"product_cat":[205],"product_tag":[141],"class_list":{"0":"post-6433","1":"product","2":"type-product","3":"status-publish","4":"has-post-thumbnail","6":"product_cat-accessoires","7":"product_tag-clemsa","9":"first","10":"instock","11":"sale","12":"taxable","13":"shipping-taxable","14":"purchasable","15":"product-type-simple"},"_links":{"self":[{"href":"https:\/\/monbip.fr\/de\/wp-json\/wp\/v2\/product\/6433","targetHints":{"allow":["GET"]}}],"collection":[{"href":"https:\/\/monbip.fr\/de\/wp-json\/wp\/v2\/product"}],"about":[{"href":"https:\/\/monbip.fr\/de\/wp-json\/wp\/v2\/types\/product"}],"wp:featuredmedia":[{"embeddable":true,"href":"https:\/\/monbip.fr\/de\/wp-json\/wp\/v2\/media\/6516"}],"wp:attachment":[{"href":"https:\/\/monbip.fr\/de\/wp-json\/wp\/v2\/media?parent=6433"}],"wp:term":[{"taxonomy":"product_brand","embeddable":true,"href":"https:\/\/monbip.fr\/de\/wp-json\/wp\/v2\/product_brand?post=6433"},{"taxonomy":"product_cat","embeddable":true,"href":"https:\/\/monbip.fr\/de\/wp-json\/wp\/v2\/product_cat?post=6433"},{"taxonomy":"product_tag","embeddable":true,"href":"https:\/\/monbip.fr\/de\/wp-json\/wp\/v2\/product_tag?post=6433"}],"curies":[{"name":"wp","href":"https:\/\/api.w.org\/{rel}","templated":true}]}}