{"id":6434,"date":"2022-01-18T19:09:04","date_gmt":"2022-01-18T19:09:04","guid":{"rendered":"https:\/\/monbip.fr\/?post_type=product&#038;p=6434"},"modified":"2022-01-18T19:09:25","modified_gmt":"2022-01-18T19:09:25","slug":"cellules-photoelectriques-clemsa-f35","status":"publish","type":"product","link":"https:\/\/monbip.fr\/de\/produkt\/fotozellen\/cellules-photoelectriques-clemsa-f35\/","title":{"rendered":"Cellules photo\u00e9lectriques CLEMSA F35"},"content":{"rendered":"","protected":false},"excerpt":{"rendered":"<p>PHOTOCELLULES MIROIR<br \/>\nCellules photo\u00e9lectriques \u00e0 miroir r\u00e9fl\u00e9chissant Cata jusqu&#8217;\u00e0 12 m de port\u00e9e.<br \/>\n\uffe2 Supervis\u00e9: d\u00e9tecte le manque d&#8217;alimentation, les c\u00e2bles coup\u00e9s, les d\u00e9salignements &#8230;<br \/>\n\uffe2 Polaris\u00e9: garantit une s\u00e9curit\u00e9 totale puisqu&#8217;il n&#8217;accepte que la r\u00e9ponse de votre miroir r\u00e9tro-r\u00e9fl\u00e9chissant.<br \/>\n\uffe2 Objectif r\u00e9glable<\/p>\n","protected":false},"featured_media":6519,"template":"","meta":[],"product_brand":[],"product_cat":[210],"product_tag":[141],"class_list":{"0":"post-6434","1":"product","2":"type-product","3":"status-publish","4":"has-post-thumbnail","6":"product_cat-photocellules","7":"product_tag-clemsa","9":"first","10":"instock","11":"sale","12":"taxable","13":"shipping-taxable","14":"purchasable","15":"product-type-simple"},"_links":{"self":[{"href":"https:\/\/monbip.fr\/de\/wp-json\/wp\/v2\/product\/6434","targetHints":{"allow":["GET"]}}],"collection":[{"href":"https:\/\/monbip.fr\/de\/wp-json\/wp\/v2\/product"}],"about":[{"href":"https:\/\/monbip.fr\/de\/wp-json\/wp\/v2\/types\/product"}],"wp:featuredmedia":[{"embeddable":true,"href":"https:\/\/monbip.fr\/de\/wp-json\/wp\/v2\/media\/6519"}],"wp:attachment":[{"href":"https:\/\/monbip.fr\/de\/wp-json\/wp\/v2\/media?parent=6434"}],"wp:term":[{"taxonomy":"product_brand","embeddable":true,"href":"https:\/\/monbip.fr\/de\/wp-json\/wp\/v2\/product_brand?post=6434"},{"taxonomy":"product_cat","embeddable":true,"href":"https:\/\/monbip.fr\/de\/wp-json\/wp\/v2\/product_cat?post=6434"},{"taxonomy":"product_tag","embeddable":true,"href":"https:\/\/monbip.fr\/de\/wp-json\/wp\/v2\/product_tag?post=6434"}],"curies":[{"name":"wp","href":"https:\/\/api.w.org\/{rel}","templated":true}]}}