{"id":6437,"date":"2022-01-18T19:09:04","date_gmt":"2022-01-18T19:09:04","guid":{"rendered":"https:\/\/monbip.fr\/?post_type=product&#038;p=6437"},"modified":"2022-01-18T19:09:32","modified_gmt":"2022-01-18T19:09:32","slug":"armoire-commande-clemsa-clas-6-1","status":"publish","type":"product","link":"https:\/\/monbip.fr\/de\/produkt\/schaltschraenke-de\/armoire-commande-clemsa-clas-6-1\/","title":{"rendered":"Armoire Commande Clemsa CLAS 6.1"},"content":{"rendered":"","protected":false},"excerpt":{"rendered":"<p>Armoire de commande programmable. Tension d&#8217;alimentation 230V ou 400V. Charge maximale du moteur 1500W.<br \/>\nLogique de fonctionnement manuelle \/ automatique \/ semi-automatique. Heures d&#8217;ouverture et de fermeture de 1 \u2019\u00e0 4\u2019 15 \u2019\u2019.<br \/>\nTemps de fermeture et pause programmables jusqu&#8217;\u00e0 4&#8217;15 &#8221;. Fonctions de man\u0153uvre s\u00e9lectionnables. Bo\u00eete ext.<\/p>\n","protected":false},"featured_media":6552,"template":"","meta":[],"product_brand":[],"product_cat":[200],"product_tag":[141],"class_list":{"0":"post-6437","1":"product","2":"type-product","3":"status-publish","4":"has-post-thumbnail","6":"product_cat-armoires-de-commande","7":"product_tag-clemsa","9":"first","10":"instock","11":"sale","12":"taxable","13":"shipping-taxable","14":"purchasable","15":"product-type-simple"},"_links":{"self":[{"href":"https:\/\/monbip.fr\/de\/wp-json\/wp\/v2\/product\/6437","targetHints":{"allow":["GET"]}}],"collection":[{"href":"https:\/\/monbip.fr\/de\/wp-json\/wp\/v2\/product"}],"about":[{"href":"https:\/\/monbip.fr\/de\/wp-json\/wp\/v2\/types\/product"}],"wp:featuredmedia":[{"embeddable":true,"href":"https:\/\/monbip.fr\/de\/wp-json\/wp\/v2\/media\/6552"}],"wp:attachment":[{"href":"https:\/\/monbip.fr\/de\/wp-json\/wp\/v2\/media?parent=6437"}],"wp:term":[{"taxonomy":"product_brand","embeddable":true,"href":"https:\/\/monbip.fr\/de\/wp-json\/wp\/v2\/product_brand?post=6437"},{"taxonomy":"product_cat","embeddable":true,"href":"https:\/\/monbip.fr\/de\/wp-json\/wp\/v2\/product_cat?post=6437"},{"taxonomy":"product_tag","embeddable":true,"href":"https:\/\/monbip.fr\/de\/wp-json\/wp\/v2\/product_tag?post=6437"}],"curies":[{"name":"wp","href":"https:\/\/api.w.org\/{rel}","templated":true}]}}