{"id":6526,"date":"2022-01-18T19:09:27","date_gmt":"2022-01-18T19:09:27","guid":{"rendered":"https:\/\/monbip.fr\/?post_type=product&#038;p=6526"},"modified":"2022-01-18T19:09:38","modified_gmt":"2022-01-18T19:09:38","slug":"moteur-a-bras-articule-clemsa-aa-7002-b","status":"publish","type":"product","link":"https:\/\/monbip.fr\/de\/produkt\/motorisierungen\/drehtorantriebe\/moteur-a-bras-articule-clemsa-aa-7002-b\/","title":{"rendered":"Moteur \u00e0 bras articul\u00e9 CLEMSA AA 7002 B"},"content":{"rendered":"","protected":false},"excerpt":{"rendered":"<p>Moteur \u00e0 bras articul\u00e9 CLEMSA AA 7002 B avec blocage<br \/>\n\uffe2 Laisse jusqu&#8217;\u00e0 3 m.<br \/>\n\uffe2 Id\u00e9al pour les portes o\u00f9 la distance entre la feuille et la charni\u00e8re sont hautes.<br \/>\n\uffe2 D\u00e9verrouiller prot\u00e9g\u00e9 avec un verrou qui permet un mouvement manuel de la lame.<br \/>\n\uffe2 Fin de course avec r\u00e9gulation microm\u00e9trique.<br \/>\n\uffe2 Bras d&#8217;ouverture anti-coupure con\u00e7us pour applications sur de grands piliers avec<br \/>\ninstallation facile sans avoir besoin de logement en eux.<br \/>\n\uffe2 Mod\u00e8le avec serrure qui emp\u00eache l&#8217;installation de serrures \u00e9lectriques.<\/p>\n","protected":false},"featured_media":6573,"template":"","meta":[],"product_brand":[],"product_cat":[207,202],"product_tag":[141],"class_list":{"0":"post-6526","1":"product","2":"type-product","3":"status-publish","4":"has-post-thumbnail","6":"product_cat-motorisation-portail-battant","7":"product_cat-motorisations","8":"product_tag-clemsa","10":"first","11":"instock","12":"sale","13":"taxable","14":"shipping-taxable","15":"purchasable","16":"product-type-simple"},"_links":{"self":[{"href":"https:\/\/monbip.fr\/de\/wp-json\/wp\/v2\/product\/6526","targetHints":{"allow":["GET"]}}],"collection":[{"href":"https:\/\/monbip.fr\/de\/wp-json\/wp\/v2\/product"}],"about":[{"href":"https:\/\/monbip.fr\/de\/wp-json\/wp\/v2\/types\/product"}],"wp:featuredmedia":[{"embeddable":true,"href":"https:\/\/monbip.fr\/de\/wp-json\/wp\/v2\/media\/6573"}],"wp:attachment":[{"href":"https:\/\/monbip.fr\/de\/wp-json\/wp\/v2\/media?parent=6526"}],"wp:term":[{"taxonomy":"product_brand","embeddable":true,"href":"https:\/\/monbip.fr\/de\/wp-json\/wp\/v2\/product_brand?post=6526"},{"taxonomy":"product_cat","embeddable":true,"href":"https:\/\/monbip.fr\/de\/wp-json\/wp\/v2\/product_cat?post=6526"},{"taxonomy":"product_tag","embeddable":true,"href":"https:\/\/monbip.fr\/de\/wp-json\/wp\/v2\/product_tag?post=6526"}],"curies":[{"name":"wp","href":"https:\/\/api.w.org\/{rel}","templated":true}]}}