{"id":6629,"date":"2022-01-18T19:09:53","date_gmt":"2022-01-18T19:09:53","guid":{"rendered":"https:\/\/monbip.fr\/?post_type=product&#038;p=6629"},"modified":"2022-01-18T19:10:19","modified_gmt":"2022-01-18T19:10:19","slug":"kit-comfort-maveo-marantec","status":"publish","type":"product","link":"https:\/\/monbip.fr\/de\/produkt\/automatisierung-de\/kit-comfort-maveo-marantec\/","title":{"rendered":"Kit Comfort Maveo Marantec"},"content":{"rendered":"","protected":false},"excerpt":{"rendered":"<p>Syst\u00e8me d&#8217;ouverture de porte de garage compatible<br \/>\nMoteurs Marantec. Ouverture via Bluetooth ou Internet.<br \/>\nPermet de conna\u00eetre l&#8217;\u00e9tat de la porte. Capteur pour mesurer la temp\u00e9rature et l&#8217;humidit\u00e9 d&#8217;une pi\u00e8ce.<br \/>\nLe kit comprend:<\/p>\n<p>1 x Maveo Box: Centre de contr\u00f4le du syst\u00e8me.<\/p>\n<p>1 x Maveo Stick: Interface moteur Marantec.<\/p>\n<p>1 x Maveo sensor h+t: Capteur de temp\u00e9rature et d&#8217;humidit\u00e9.<\/p>\n","protected":false},"featured_media":6744,"template":"","meta":[],"product_brand":[],"product_cat":[211],"product_tag":[],"class_list":{"0":"post-6629","1":"product","2":"type-product","3":"status-publish","4":"has-post-thumbnail","6":"product_cat-domotique","8":"first","9":"instock","10":"sale","11":"taxable","12":"shipping-taxable","13":"purchasable","14":"product-type-simple"},"_links":{"self":[{"href":"https:\/\/monbip.fr\/de\/wp-json\/wp\/v2\/product\/6629","targetHints":{"allow":["GET"]}}],"collection":[{"href":"https:\/\/monbip.fr\/de\/wp-json\/wp\/v2\/product"}],"about":[{"href":"https:\/\/monbip.fr\/de\/wp-json\/wp\/v2\/types\/product"}],"wp:featuredmedia":[{"embeddable":true,"href":"https:\/\/monbip.fr\/de\/wp-json\/wp\/v2\/media\/6744"}],"wp:attachment":[{"href":"https:\/\/monbip.fr\/de\/wp-json\/wp\/v2\/media?parent=6629"}],"wp:term":[{"taxonomy":"product_brand","embeddable":true,"href":"https:\/\/monbip.fr\/de\/wp-json\/wp\/v2\/product_brand?post=6629"},{"taxonomy":"product_cat","embeddable":true,"href":"https:\/\/monbip.fr\/de\/wp-json\/wp\/v2\/product_cat?post=6629"},{"taxonomy":"product_tag","embeddable":true,"href":"https:\/\/monbip.fr\/de\/wp-json\/wp\/v2\/product_tag?post=6629"}],"curies":[{"name":"wp","href":"https:\/\/api.w.org\/{rel}","templated":true}]}}