{"id":6631,"date":"2022-01-18T19:09:53","date_gmt":"2022-01-18T19:09:53","guid":{"rendered":"https:\/\/monbip.fr\/?post_type=product&#038;p=6631"},"modified":"2022-01-18T19:10:21","modified_gmt":"2022-01-18T19:10:21","slug":"kit-moteur-roger-bh30-803","status":"publish","type":"product","link":"https:\/\/monbip.fr\/de\/produkt\/tor-oder-garagenmotor-kit-de\/kit-moteur-roger-bh30-803\/","title":{"rendered":"KIT moteur ROGER BH30\/803"},"content":{"rendered":"","protected":false},"excerpt":{"rendered":"<p>Kit moteur brushless coulissant jusqu&#8217;\u00e0 1000Kg<br \/>\nCompos\u00e9 de:<br \/>\n1 x moteur BH30 \/ 803 avec ch\u00e2ssis int\u00e9gr\u00e9.<br \/>\n1 x r\u00e9cepteur externe de base Mini C.<br \/>\n2 \u00e9metteurs GO Mini Pro 2 canaux.<br \/>\n4 m\u00e8tres cremaill\u00e8res Nylon<\/p>\n","protected":false},"featured_media":6750,"template":"","meta":[],"product_brand":[],"product_cat":[208,203],"product_tag":[152],"class_list":{"0":"post-6631","1":"product","2":"type-product","3":"status-publish","4":"has-post-thumbnail","6":"product_cat-kit-moteur-portail-ou-garage","7":"product_cat-motorisation-porte-de-garage","8":"product_tag-roger","10":"first","11":"instock","12":"sale","13":"taxable","14":"shipping-taxable","15":"purchasable","16":"product-type-simple"},"_links":{"self":[{"href":"https:\/\/monbip.fr\/de\/wp-json\/wp\/v2\/product\/6631","targetHints":{"allow":["GET"]}}],"collection":[{"href":"https:\/\/monbip.fr\/de\/wp-json\/wp\/v2\/product"}],"about":[{"href":"https:\/\/monbip.fr\/de\/wp-json\/wp\/v2\/types\/product"}],"wp:featuredmedia":[{"embeddable":true,"href":"https:\/\/monbip.fr\/de\/wp-json\/wp\/v2\/media\/6750"}],"wp:attachment":[{"href":"https:\/\/monbip.fr\/de\/wp-json\/wp\/v2\/media?parent=6631"}],"wp:term":[{"taxonomy":"product_brand","embeddable":true,"href":"https:\/\/monbip.fr\/de\/wp-json\/wp\/v2\/product_brand?post=6631"},{"taxonomy":"product_cat","embeddable":true,"href":"https:\/\/monbip.fr\/de\/wp-json\/wp\/v2\/product_cat?post=6631"},{"taxonomy":"product_tag","embeddable":true,"href":"https:\/\/monbip.fr\/de\/wp-json\/wp\/v2\/product_tag?post=6631"}],"curies":[{"name":"wp","href":"https:\/\/api.w.org\/{rel}","templated":true}]}}