{"id":6936,"date":"2022-01-18T19:11:06","date_gmt":"2022-01-18T17:11:06","guid":{"rendered":"https:\/\/monbip.fr\/?post_type=product&#038;p=6936"},"modified":"2022-08-26T22:27:51","modified_gmt":"2022-08-26T20:27:51","slug":"carte-electronique-king-gates-star-gd20","status":"publish","type":"product","link":"https:\/\/monbip.fr\/de\/produkt\/schaltschraenke-de\/carte-electronique-king-gates-star-gd20\/","title":{"rendered":"Carte \u00e9lectronique King Gates STAR GD20"},"content":{"rendered":"","protected":false},"excerpt":{"rendered":"<p>STAR GD 20 Unit\u00e9 de commande King-Gates pour le moteur de porte sectionnelle King Gates BOOK\u00a0 24 Vdc.<br \/>\nLe r\u00e9cepteur 433,92 MHz est int\u00e9gr\u00e9 \u00e0 la carte.<\/p>\n","protected":false},"featured_media":7063,"template":"","meta":[],"product_brand":[],"product_cat":[200],"product_tag":[],"class_list":{"0":"post-6936","1":"product","2":"type-product","3":"status-publish","4":"has-post-thumbnail","6":"product_cat-armoires-de-commande","8":"first","9":"instock","10":"sale","11":"taxable","12":"shipping-taxable","13":"purchasable","14":"product-type-simple"},"_links":{"self":[{"href":"https:\/\/monbip.fr\/de\/wp-json\/wp\/v2\/product\/6936","targetHints":{"allow":["GET"]}}],"collection":[{"href":"https:\/\/monbip.fr\/de\/wp-json\/wp\/v2\/product"}],"about":[{"href":"https:\/\/monbip.fr\/de\/wp-json\/wp\/v2\/types\/product"}],"wp:featuredmedia":[{"embeddable":true,"href":"https:\/\/monbip.fr\/de\/wp-json\/wp\/v2\/media\/7063"}],"wp:attachment":[{"href":"https:\/\/monbip.fr\/de\/wp-json\/wp\/v2\/media?parent=6936"}],"wp:term":[{"taxonomy":"product_brand","embeddable":true,"href":"https:\/\/monbip.fr\/de\/wp-json\/wp\/v2\/product_brand?post=6936"},{"taxonomy":"product_cat","embeddable":true,"href":"https:\/\/monbip.fr\/de\/wp-json\/wp\/v2\/product_cat?post=6936"},{"taxonomy":"product_tag","embeddable":true,"href":"https:\/\/monbip.fr\/de\/wp-json\/wp\/v2\/product_tag?post=6936"}],"curies":[{"name":"wp","href":"https:\/\/api.w.org\/{rel}","templated":true}]}}