{"id":7038,"date":"2022-01-18T19:11:29","date_gmt":"2022-01-18T17:11:29","guid":{"rendered":"https:\/\/monbip.fr\/?post_type=product&#038;p=7038"},"modified":"2022-08-26T22:27:00","modified_gmt":"2022-08-26T20:27:00","slug":"recepteur-king-gates-novo-rx2","status":"publish","type":"product","link":"https:\/\/monbip.fr\/de\/produkt\/empfaenger-de\/recepteur-king-gates-novo-rx2\/","title":{"rendered":"R\u00e9cepteur KING GATES NOVO RX2"},"content":{"rendered":"","protected":false},"excerpt":{"rendered":"<p><span id=\"s2_1\">Le r\u00e9cepteur King RX2 s\u2019adapte \u00e0 la t\u00e9l\u00e9commande Stylo et \u00e0 l\u2019automatisation de King Gate.<\/span> <span id=\"s2_2\">Ceci est un r\u00e9cepteur multifonction qui fonctionne avec la t\u00e9l\u00e9commande Stylo.<\/span><\/p>\n","protected":false},"featured_media":7090,"template":"","meta":[],"product_brand":[],"product_cat":[209],"product_tag":[],"class_list":{"0":"post-7038","1":"product","2":"type-product","3":"status-publish","4":"has-post-thumbnail","6":"product_cat-recepteurs","8":"first","9":"instock","10":"sale","11":"taxable","12":"shipping-taxable","13":"purchasable","14":"product-type-simple"},"_links":{"self":[{"href":"https:\/\/monbip.fr\/de\/wp-json\/wp\/v2\/product\/7038","targetHints":{"allow":["GET"]}}],"collection":[{"href":"https:\/\/monbip.fr\/de\/wp-json\/wp\/v2\/product"}],"about":[{"href":"https:\/\/monbip.fr\/de\/wp-json\/wp\/v2\/types\/product"}],"wp:featuredmedia":[{"embeddable":true,"href":"https:\/\/monbip.fr\/de\/wp-json\/wp\/v2\/media\/7090"}],"wp:attachment":[{"href":"https:\/\/monbip.fr\/de\/wp-json\/wp\/v2\/media?parent=7038"}],"wp:term":[{"taxonomy":"product_brand","embeddable":true,"href":"https:\/\/monbip.fr\/de\/wp-json\/wp\/v2\/product_brand?post=7038"},{"taxonomy":"product_cat","embeddable":true,"href":"https:\/\/monbip.fr\/de\/wp-json\/wp\/v2\/product_cat?post=7038"},{"taxonomy":"product_tag","embeddable":true,"href":"https:\/\/monbip.fr\/de\/wp-json\/wp\/v2\/product_tag?post=7038"}],"curies":[{"name":"wp","href":"https:\/\/api.w.org\/{rel}","templated":true}]}}