{"id":7043,"date":"2022-01-18T19:11:29","date_gmt":"2022-01-18T19:11:29","guid":{"rendered":"https:\/\/monbip.fr\/?post_type=product&#038;p=7043"},"modified":"2025-12-30T19:44:46","modified_gmt":"2025-12-30T17:44:46","slug":"moteur-gibidi-pass-800-sc230","status":"publish","type":"product","link":"https:\/\/monbip.fr\/de\/produkt\/motorisierungen\/motorisierung-von-garagentoren-de\/moteur-gibidi-pass-800-sc230\/","title":{"rendered":"Moteur GIBIDI Pass 800 SC230"},"content":{"rendered":"","protected":false},"excerpt":{"rendered":"<p>Motor\u00e9ducteur \u00e9lectrom\u00e9canique irr\u00e9versible de 230 Vac pour portails coulissants de moyennes dimensions et de poids (jusqu\u2019\u00e0 800 Kg), \u00e0 usage r\u00e9sidentiel et intensif. Carte de man\u0153uvre int\u00e9gr\u00e9 SC230<\/p>\n","protected":false},"featured_media":7105,"template":"","meta":[],"product_brand":[],"product_cat":[203,202],"product_tag":[],"class_list":{"0":"post-7043","1":"product","2":"type-product","3":"status-publish","4":"has-post-thumbnail","6":"product_cat-motorisation-porte-de-garage","7":"product_cat-motorisations","9":"first","10":"instock","11":"sale","12":"taxable","13":"shipping-taxable","14":"purchasable","15":"product-type-simple"},"_links":{"self":[{"href":"https:\/\/monbip.fr\/de\/wp-json\/wp\/v2\/product\/7043","targetHints":{"allow":["GET"]}}],"collection":[{"href":"https:\/\/monbip.fr\/de\/wp-json\/wp\/v2\/product"}],"about":[{"href":"https:\/\/monbip.fr\/de\/wp-json\/wp\/v2\/types\/product"}],"wp:featuredmedia":[{"embeddable":true,"href":"https:\/\/monbip.fr\/de\/wp-json\/wp\/v2\/media\/7105"}],"wp:attachment":[{"href":"https:\/\/monbip.fr\/de\/wp-json\/wp\/v2\/media?parent=7043"}],"wp:term":[{"taxonomy":"product_brand","embeddable":true,"href":"https:\/\/monbip.fr\/de\/wp-json\/wp\/v2\/product_brand?post=7043"},{"taxonomy":"product_cat","embeddable":true,"href":"https:\/\/monbip.fr\/de\/wp-json\/wp\/v2\/product_cat?post=7043"},{"taxonomy":"product_tag","embeddable":true,"href":"https:\/\/monbip.fr\/de\/wp-json\/wp\/v2\/product_tag?post=7043"}],"curies":[{"name":"wp","href":"https:\/\/api.w.org\/{rel}","templated":true}]}}