{"id":7044,"date":"2022-01-18T19:11:29","date_gmt":"2022-01-18T19:11:29","guid":{"rendered":"https:\/\/monbip.fr\/?post_type=product&#038;p=7044"},"modified":"2022-01-18T19:11:50","modified_gmt":"2022-01-18T19:11:50","slug":"moteur-rideau-acm-titan-200-60","status":"publish","type":"product","link":"https:\/\/monbip.fr\/de\/produkt\/motorisierter-rollladen-jalousie-metallvorhang\/moteur-rideau-acm-titan-200-60\/","title":{"rendered":"Moteur Rideau ACM TITAN 200\/60"},"content":{"rendered":"<p>Qualitativement le meilleur moteur au niveau mondial. Moteur central pour stores pesant jusqu\u2019\u00e0 170 kg, couronne externe de 200 mm, axe d\u2019ancrage de 60 mm de diam\u00e8tre. Frein \u00e9lectrique pour le verrouillage du moteur en phase de fermeture, mont\u00e9 en usine.Corps de fusion en aluminium, m\u00e9canique en alliage d\u2019acier. Il n\u2019y a pas de couronnes ni de douilles en plastique dans ce moteur. Lubrifi\u00e9 en permanence avec de la graisse de lithium.<\/p>\n","protected":false},"excerpt":{"rendered":"<p>Motor\u00e9ducteur ACM pour l&#8217;automatisation des volets roulants<\/p>\n","protected":false},"featured_media":7108,"template":"","meta":[],"product_brand":[],"product_cat":[206],"product_tag":[134],"class_list":{"0":"post-7044","1":"product","2":"type-product","3":"status-publish","4":"has-post-thumbnail","6":"product_cat-motorisation-volet-store-rideau-metallique","7":"product_tag-acm","9":"first","10":"instock","11":"sale","12":"taxable","13":"shipping-taxable","14":"purchasable","15":"product-type-simple"},"_links":{"self":[{"href":"https:\/\/monbip.fr\/de\/wp-json\/wp\/v2\/product\/7044","targetHints":{"allow":["GET"]}}],"collection":[{"href":"https:\/\/monbip.fr\/de\/wp-json\/wp\/v2\/product"}],"about":[{"href":"https:\/\/monbip.fr\/de\/wp-json\/wp\/v2\/types\/product"}],"wp:featuredmedia":[{"embeddable":true,"href":"https:\/\/monbip.fr\/de\/wp-json\/wp\/v2\/media\/7108"}],"wp:attachment":[{"href":"https:\/\/monbip.fr\/de\/wp-json\/wp\/v2\/media?parent=7044"}],"wp:term":[{"taxonomy":"product_brand","embeddable":true,"href":"https:\/\/monbip.fr\/de\/wp-json\/wp\/v2\/product_brand?post=7044"},{"taxonomy":"product_cat","embeddable":true,"href":"https:\/\/monbip.fr\/de\/wp-json\/wp\/v2\/product_cat?post=7044"},{"taxonomy":"product_tag","embeddable":true,"href":"https:\/\/monbip.fr\/de\/wp-json\/wp\/v2\/product_tag?post=7044"}],"curies":[{"name":"wp","href":"https:\/\/api.w.org\/{rel}","templated":true}]}}