{"id":7054,"date":"2022-01-18T19:11:30","date_gmt":"2022-01-18T17:11:30","guid":{"rendered":"https:\/\/monbip.fr\/?post_type=product&#038;p=7054"},"modified":"2023-06-09T13:10:46","modified_gmt":"2023-06-09T11:10:46","slug":"elero-centero-home","status":"publish","type":"product","link":"https:\/\/monbip.fr\/de\/produkt\/automatisierung-de\/elero-centero-home\/","title":{"rendered":"ELERO Centero Home"},"content":{"rendered":"<p>La nouvelle centrale domotique d&#8217;elero. Avec Centero Home, vous pouvez utiliser toute la technologie de votre b\u00e2timent, simplement et intuitivement. Gr\u00e2ce \u00e0 l&#8217;application sp\u00e9cialement d\u00e9velopp\u00e9e, dans laquelle les appareils programm\u00e9s apparaissent automatiquement, les utilisateurs peuvent acc\u00e9der au Centero Home via un smartphone ou une tablette.<\/p>\n","protected":false},"excerpt":{"rendered":"<p>&#8216;- Utilisation simple et intuitive<br \/>\n&#8211; Exploitation des technologies du b\u00e2timent par radio (868 MHz et 433 MHz), infrarouge et IP<br \/>\n&#8211; Peut \u00eatre utilis\u00e9 via le cloud ou localement dans le WLAN<br \/>\n&#8211; Installation simple et rapide<br \/>\n&#8211; S\u00e9curit\u00e9 gr\u00e2ce \u00e0 un retour d&#8217;information fiable<br \/>\n&#8211; Service m\u00e9t\u00e9o<br \/>\n&#8211; Syst\u00e8mes d&#8217;\u00e9clairage, d\u00e9tecteurs et capteurs (en pr\u00e9paration)<br \/>\n&#8211; Par l&#8217;achat d&#8217;une mise \u00e0 niveau d&#8217;In-app vers la version Plus<\/p>\n","protected":false},"featured_media":7156,"template":"","meta":[],"product_brand":[],"product_cat":[211],"product_tag":[],"class_list":{"0":"post-7054","1":"product","2":"type-product","3":"status-publish","4":"has-post-thumbnail","6":"product_cat-domotique","8":"first","9":"instock","10":"sale","11":"taxable","12":"shipping-taxable","13":"purchasable","14":"product-type-simple"},"_links":{"self":[{"href":"https:\/\/monbip.fr\/de\/wp-json\/wp\/v2\/product\/7054","targetHints":{"allow":["GET"]}}],"collection":[{"href":"https:\/\/monbip.fr\/de\/wp-json\/wp\/v2\/product"}],"about":[{"href":"https:\/\/monbip.fr\/de\/wp-json\/wp\/v2\/types\/product"}],"wp:featuredmedia":[{"embeddable":true,"href":"https:\/\/monbip.fr\/de\/wp-json\/wp\/v2\/media\/7156"}],"wp:attachment":[{"href":"https:\/\/monbip.fr\/de\/wp-json\/wp\/v2\/media?parent=7054"}],"wp:term":[{"taxonomy":"product_brand","embeddable":true,"href":"https:\/\/monbip.fr\/de\/wp-json\/wp\/v2\/product_brand?post=7054"},{"taxonomy":"product_cat","embeddable":true,"href":"https:\/\/monbip.fr\/de\/wp-json\/wp\/v2\/product_cat?post=7054"},{"taxonomy":"product_tag","embeddable":true,"href":"https:\/\/monbip.fr\/de\/wp-json\/wp\/v2\/product_tag?post=7054"}],"curies":[{"name":"wp","href":"https:\/\/api.w.org\/{rel}","templated":true}]}}