{"id":7113,"date":"2022-01-18T19:11:52","date_gmt":"2022-01-18T19:11:52","guid":{"rendered":"https:\/\/monbip.fr\/?post_type=product&#038;p=7113"},"modified":"2024-10-03T17:14:19","modified_gmt":"2024-10-03T15:14:19","slug":"fadini-fibo-400-lb-3-cv-triphase","status":"publish","type":"product","link":"https:\/\/monbip.fr\/de\/produkt\/motorisierungen\/motorisierung-von-garagentoren-de\/fadini-fibo-400-lb-3-cv-triphase\/","title":{"rendered":"FADINI FIBO 400 LB 3 CV triphas\u00e9"},"content":{"rendered":"<div class=\"col col-1\">Alimentation (Vac &#8211; Hz): 230\/400 &#8211; 50\/60<\/div>\n<div class=\"col col-1\">Puissance absorb\u00e9e (W): 2.800<\/div>\n<div class=\"col col-1\">Courant absorb\u00e9 (A): 9,4\/5,4<\/div>\n<div class=\"col col-1\">Puissance rendue (kW &#8211; HP): 2,2 \/ 3<\/div>\n<div class=\"col col-1\">Nombre de tours du moteur (rpm &#8211; Hz): 1.400 &#8211; 50 | 1.700 &#8211; 60<\/div>\n<div class=\"col col-1\">Couple nominal r\u00e9ducteur (Nm &#8211; Hz): 840 &#8211; 50<\/div>\n<div class=\"col col-1\">Couple nominal r\u00e9ducteur (Nm &#8211; Hz): 700 &#8211; 60<\/div>\n<div class=\"col col-1\">Vitesse de coulissement (m\/min &#8211; rpm &#8211; Hz): 9 &#8211; 1.400 &#8211; 60<\/div>\n<div class=\"col col-1\">Vitesse de coulissement (m\/min &#8211; rpm &#8211; Hz): 11 &#8211; 1.700 &#8211; 60<\/div>\n<div class=\"col col-1\">Rapport r\u00e9ducteur: 1\/40<\/div>\n<div class=\"col col-1\">Temp\u00e9rature de service (\u00b0C): -25 \u00f7 +80<\/div>\n<div class=\"col col-1\">Fin de course: externe<\/div>\n<div class=\"col col-1\">Degr\u00e9 de protection IP: 55<\/div>\n<div class=\"col col-1\">R\u00e9f\u00e9rence huile: 706L<\/div>\n<div class=\"col col-1\">Poids (kg): 52<\/div>\n<div class=\"col col-1\">Fr\u00e9quence d\u2019utilisation: usage intensif<\/div>\n","protected":false},"excerpt":{"rendered":"<p>Moto-r\u00e9ducteur coulissant \u00e9lectrom\u00e9canique pour portails lourds jusqu\u2019\u00e0 4000 Kg<\/p>\n<p>Ouvre-portail coulissant \u00e9lectrom\u00e9canique FIBO 400 de 2,2 KW ( 3,0 CV triphas\u00e9) forts et robustes pour la motorisation des entr\u00e9es industrielles et les acc\u00e8s particuli\u00e8rement grands, jusqu\u2019un poids de 4000 Kg.\u00a0 Produit vendu sans l&#8217;armoire<\/p>\n<p>&nbsp;<\/p>\n","protected":false},"featured_media":9909,"template":"","meta":[],"product_brand":[],"product_cat":[203,202],"product_tag":[],"class_list":{"0":"post-7113","1":"product","2":"type-product","3":"status-publish","4":"has-post-thumbnail","6":"product_cat-motorisation-porte-de-garage","7":"product_cat-motorisations","9":"first","10":"instock","11":"sale","12":"taxable","13":"shipping-taxable","14":"purchasable","15":"product-type-simple"},"_links":{"self":[{"href":"https:\/\/monbip.fr\/de\/wp-json\/wp\/v2\/product\/7113","targetHints":{"allow":["GET"]}}],"collection":[{"href":"https:\/\/monbip.fr\/de\/wp-json\/wp\/v2\/product"}],"about":[{"href":"https:\/\/monbip.fr\/de\/wp-json\/wp\/v2\/types\/product"}],"wp:featuredmedia":[{"embeddable":true,"href":"https:\/\/monbip.fr\/de\/wp-json\/wp\/v2\/media\/9909"}],"wp:attachment":[{"href":"https:\/\/monbip.fr\/de\/wp-json\/wp\/v2\/media?parent=7113"}],"wp:term":[{"taxonomy":"product_brand","embeddable":true,"href":"https:\/\/monbip.fr\/de\/wp-json\/wp\/v2\/product_brand?post=7113"},{"taxonomy":"product_cat","embeddable":true,"href":"https:\/\/monbip.fr\/de\/wp-json\/wp\/v2\/product_cat?post=7113"},{"taxonomy":"product_tag","embeddable":true,"href":"https:\/\/monbip.fr\/de\/wp-json\/wp\/v2\/product_tag?post=7113"}],"curies":[{"name":"wp","href":"https:\/\/api.w.org\/{rel}","templated":true}]}}