{"id":7121,"date":"2022-01-18T19:11:52","date_gmt":"2022-01-18T19:11:52","guid":{"rendered":"https:\/\/monbip.fr\/?post_type=product&#038;p=7121"},"modified":"2022-01-18T19:12:12","modified_gmt":"2022-01-18T19:12:12","slug":"telecommande-fadini-siti-63-2","status":"publish","type":"product","link":"https:\/\/monbip.fr\/de\/produkt\/garagen-und-torfernbedienungen\/telecommande-fadini-siti-63-2\/","title":{"rendered":"T\u00e9l\u00e9commande FADINI SITI 63-2"},"content":{"rendered":"<p>Siti 63 est un t\u00e9l\u00e9commande radio \u00e0 433.92 MHz utilisant le codage avec la technologie Rolling-code. Il est con\u00e7u pour garantir une fiabilit\u00e9 durable et une grande port\u00e9e, m\u00eame \u00e0 tr\u00e8s grandes distances, quels que soient l\u2019endroit et les conditions atmosph\u00e9riques.<\/p>\n","protected":false},"excerpt":{"rendered":"<p>T\u00e9l\u00e9commande Radio \u00e0 autoapprentissage Rolling-code 433.92 MHz<\/p>\n","protected":false},"featured_media":7198,"template":"","meta":[],"product_brand":[],"product_cat":[199],"product_tag":[146],"class_list":{"0":"post-7121","1":"product","2":"type-product","3":"status-publish","4":"has-post-thumbnail","6":"product_cat-telecommandes-garage-et-portail","7":"product_tag-fadini","9":"first","10":"instock","11":"sale","12":"taxable","13":"shipping-taxable","14":"purchasable","15":"product-type-simple"},"_links":{"self":[{"href":"https:\/\/monbip.fr\/de\/wp-json\/wp\/v2\/product\/7121","targetHints":{"allow":["GET"]}}],"collection":[{"href":"https:\/\/monbip.fr\/de\/wp-json\/wp\/v2\/product"}],"about":[{"href":"https:\/\/monbip.fr\/de\/wp-json\/wp\/v2\/types\/product"}],"wp:featuredmedia":[{"embeddable":true,"href":"https:\/\/monbip.fr\/de\/wp-json\/wp\/v2\/media\/7198"}],"wp:attachment":[{"href":"https:\/\/monbip.fr\/de\/wp-json\/wp\/v2\/media?parent=7121"}],"wp:term":[{"taxonomy":"product_brand","embeddable":true,"href":"https:\/\/monbip.fr\/de\/wp-json\/wp\/v2\/product_brand?post=7121"},{"taxonomy":"product_cat","embeddable":true,"href":"https:\/\/monbip.fr\/de\/wp-json\/wp\/v2\/product_cat?post=7121"},{"taxonomy":"product_tag","embeddable":true,"href":"https:\/\/monbip.fr\/de\/wp-json\/wp\/v2\/product_tag?post=7121"}],"curies":[{"name":"wp","href":"https:\/\/api.w.org\/{rel}","templated":true}]}}