{"id":7125,"date":"2022-01-18T19:11:53","date_gmt":"2022-01-18T19:11:53","guid":{"rendered":"https:\/\/monbip.fr\/?post_type=product&#038;p=7125"},"modified":"2022-01-18T19:12:19","modified_gmt":"2022-01-18T19:12:19","slug":"telecommande-fadini-birio-2","status":"publish","type":"product","link":"https:\/\/monbip.fr\/de\/produkt\/garagen-und-torfernbedienungen\/telecommande-fadini-birio-2\/","title":{"rendered":"T\u00e9l\u00e9commande FADINI BIRIO 2"},"content":{"rendered":"<p>\u00e9metteur avc une fr\u00e9quence de 868.35 MHz, technologie Rolling-code, en bo\u00eetier pour un design exclusif et el\u00e9gant.<\/p>\n<p>Utilise tous les avantages du Rolling-Code avec la possibilit\u00e9 de personnalisation de l\u2019\u00e9metteur et du r\u00e9cepteur radio avec code priv\u00e9 saisi gr\u00e2ce \u00e0 la console de codage appropri\u00e9.<\/p>\n","protected":false},"excerpt":{"rendered":"<p>T\u00e9l\u00e9commande Radio \u00e0 autoapprentissage Rolling-code 868.35 MHz<\/p>\n","protected":false},"featured_media":7234,"template":"","meta":[],"product_brand":[],"product_cat":[199],"product_tag":[146],"class_list":{"0":"post-7125","1":"product","2":"type-product","3":"status-publish","4":"has-post-thumbnail","6":"product_cat-telecommandes-garage-et-portail","7":"product_tag-fadini","9":"first","10":"instock","11":"sale","12":"taxable","13":"shipping-taxable","14":"purchasable","15":"product-type-simple"},"_links":{"self":[{"href":"https:\/\/monbip.fr\/de\/wp-json\/wp\/v2\/product\/7125","targetHints":{"allow":["GET"]}}],"collection":[{"href":"https:\/\/monbip.fr\/de\/wp-json\/wp\/v2\/product"}],"about":[{"href":"https:\/\/monbip.fr\/de\/wp-json\/wp\/v2\/types\/product"}],"wp:featuredmedia":[{"embeddable":true,"href":"https:\/\/monbip.fr\/de\/wp-json\/wp\/v2\/media\/7234"}],"wp:attachment":[{"href":"https:\/\/monbip.fr\/de\/wp-json\/wp\/v2\/media?parent=7125"}],"wp:term":[{"taxonomy":"product_brand","embeddable":true,"href":"https:\/\/monbip.fr\/de\/wp-json\/wp\/v2\/product_brand?post=7125"},{"taxonomy":"product_cat","embeddable":true,"href":"https:\/\/monbip.fr\/de\/wp-json\/wp\/v2\/product_cat?post=7125"},{"taxonomy":"product_tag","embeddable":true,"href":"https:\/\/monbip.fr\/de\/wp-json\/wp\/v2\/product_tag?post=7125"}],"curies":[{"name":"wp","href":"https:\/\/api.w.org\/{rel}","templated":true}]}}