{"id":7128,"date":"2022-01-18T19:11:53","date_gmt":"2022-01-18T19:11:53","guid":{"rendered":"https:\/\/monbip.fr\/?post_type=product&#038;p=7128"},"modified":"2022-01-18T19:12:22","modified_gmt":"2022-01-18T19:12:22","slug":"telecommande-fadini-vix-53","status":"publish","type":"product","link":"https:\/\/monbip.fr\/de\/produkt\/garagen-und-torfernbedienungen\/telecommande-fadini-vix-53\/","title":{"rendered":"T\u00e9l\u00e9commande FADINI VIX 53"},"content":{"rendered":"<p>Communication bidirectionnelle Accus\u00e9e de r\u00e9ception du signal. Port\u00e9e: 250 m (espace libre). Encodage de s\u00e9curit\u00e9 avec l\u2019algorithme \u00e0 cl\u00e9 128 bit. Personnalisation \u00e9metteurs avec cl\u00e9 cod\u00e9e.<\/p>\n<p>Disponible en 4 couleurs: mustard yellow, lime green, candy lilac, gray skyline<\/p>\n<ul>\n<li style=\"list-style-type: none;\"><\/li>\n<\/ul>\n<p>&nbsp;<\/p>\n<ul>\n<li style=\"list-style-type: none;\"><\/li>\n<\/ul>\n<p>&nbsp;<\/p>\n<ul>\n<li style=\"list-style-type: none;\"><\/li>\n<\/ul>\n<p>&nbsp;<\/p>\n<p>&nbsp;<\/p>\n<p>&nbsp;<\/p>\n","protected":false},"excerpt":{"rendered":"<p>Emetteur \u00e0 4 canaux. Dispositif Rolling-code Fr\u00e9quence 868 MHz.<\/p>\n<p>Copie \u00e0 distance entre les \u00e9metteurs.<\/p>\n","protected":false},"featured_media":7243,"template":"","meta":[],"product_brand":[],"product_cat":[199],"product_tag":[146],"class_list":{"0":"post-7128","1":"product","2":"type-product","3":"status-publish","4":"has-post-thumbnail","6":"product_cat-telecommandes-garage-et-portail","7":"product_tag-fadini","9":"first","10":"instock","11":"sale","12":"taxable","13":"shipping-taxable","14":"purchasable","15":"product-type-simple"},"_links":{"self":[{"href":"https:\/\/monbip.fr\/de\/wp-json\/wp\/v2\/product\/7128","targetHints":{"allow":["GET"]}}],"collection":[{"href":"https:\/\/monbip.fr\/de\/wp-json\/wp\/v2\/product"}],"about":[{"href":"https:\/\/monbip.fr\/de\/wp-json\/wp\/v2\/types\/product"}],"wp:featuredmedia":[{"embeddable":true,"href":"https:\/\/monbip.fr\/de\/wp-json\/wp\/v2\/media\/7243"}],"wp:attachment":[{"href":"https:\/\/monbip.fr\/de\/wp-json\/wp\/v2\/media?parent=7128"}],"wp:term":[{"taxonomy":"product_brand","embeddable":true,"href":"https:\/\/monbip.fr\/de\/wp-json\/wp\/v2\/product_brand?post=7128"},{"taxonomy":"product_cat","embeddable":true,"href":"https:\/\/monbip.fr\/de\/wp-json\/wp\/v2\/product_cat?post=7128"},{"taxonomy":"product_tag","embeddable":true,"href":"https:\/\/monbip.fr\/de\/wp-json\/wp\/v2\/product_tag?post=7128"}],"curies":[{"name":"wp","href":"https:\/\/api.w.org\/{rel}","templated":true}]}}