{"id":7204,"date":"2022-01-18T19:12:15","date_gmt":"2022-01-18T19:12:15","guid":{"rendered":"https:\/\/monbip.fr\/?post_type=product&#038;p=7204"},"modified":"2022-01-18T19:12:23","modified_gmt":"2022-01-18T19:12:23","slug":"telecommande-fadini-jubi-small-433-2tr","status":"publish","type":"product","link":"https:\/\/monbip.fr\/de\/produkt\/garagen-und-torfernbedienungen\/telecommande-fadini-jubi-small-433-2tr\/","title":{"rendered":"T\u00e9l\u00e9commande FADINI JUBI SMALL 433 2TR"},"content":{"rendered":"<p>Marque: FADINI<\/p>\n<p>Mod\u00e8le: ASTRO 433-2TR SMALL<\/p>\n<p>Fr\u00e9quence: 433.92 MHz<\/p>\n<p>Nombre de boutons: 2<\/p>\n<p>Type de codage: 10 Switch<\/p>\n<p>Type de pile 12V<\/p>\n","protected":false},"excerpt":{"rendered":"<p>T\u00e9l\u00e9commande Radio \u00e0 autoapprentissage Rolling-code 433.92 MHz<\/p>\n","protected":false},"featured_media":7246,"template":"","meta":[],"product_brand":[],"product_cat":[199],"product_tag":[146],"class_list":{"0":"post-7204","1":"product","2":"type-product","3":"status-publish","4":"has-post-thumbnail","6":"product_cat-telecommandes-garage-et-portail","7":"product_tag-fadini","9":"first","10":"instock","11":"sale","12":"taxable","13":"shipping-taxable","14":"purchasable","15":"product-type-simple"},"_links":{"self":[{"href":"https:\/\/monbip.fr\/de\/wp-json\/wp\/v2\/product\/7204","targetHints":{"allow":["GET"]}}],"collection":[{"href":"https:\/\/monbip.fr\/de\/wp-json\/wp\/v2\/product"}],"about":[{"href":"https:\/\/monbip.fr\/de\/wp-json\/wp\/v2\/types\/product"}],"wp:featuredmedia":[{"embeddable":true,"href":"https:\/\/monbip.fr\/de\/wp-json\/wp\/v2\/media\/7246"}],"wp:attachment":[{"href":"https:\/\/monbip.fr\/de\/wp-json\/wp\/v2\/media?parent=7204"}],"wp:term":[{"taxonomy":"product_brand","embeddable":true,"href":"https:\/\/monbip.fr\/de\/wp-json\/wp\/v2\/product_brand?post=7204"},{"taxonomy":"product_cat","embeddable":true,"href":"https:\/\/monbip.fr\/de\/wp-json\/wp\/v2\/product_cat?post=7204"},{"taxonomy":"product_tag","embeddable":true,"href":"https:\/\/monbip.fr\/de\/wp-json\/wp\/v2\/product_tag?post=7204"}],"curies":[{"name":"wp","href":"https:\/\/api.w.org\/{rel}","templated":true}]}}