{"id":7205,"date":"2022-01-18T19:12:16","date_gmt":"2022-01-18T19:12:16","guid":{"rendered":"https:\/\/monbip.fr\/?post_type=product&#038;p=7205"},"modified":"2022-01-18T19:12:24","modified_gmt":"2022-01-18T19:12:24","slug":"recepteur-radio-fadini-jubi-433-enfichable","status":"publish","type":"product","link":"https:\/\/monbip.fr\/de\/produkt\/empfaenger-de\/recepteur-radio-fadini-jubi-433-enfichable\/","title":{"rendered":"R\u00e9cepteur radio FADINI JUBI 433 enfichable"},"content":{"rendered":"","protected":false},"excerpt":{"rendered":"<p>R\u00e9cepteur radio enfichable, a chaque impulsion il \u00e9met un code secret diff\u00e9rent.<\/p>\n<p>M\u00e9moire extractible sans perte de codes<\/p>\n","protected":false},"featured_media":7249,"template":"","meta":[],"product_brand":[],"product_cat":[209],"product_tag":[146],"class_list":{"0":"post-7205","1":"product","2":"type-product","3":"status-publish","4":"has-post-thumbnail","6":"product_cat-recepteurs","7":"product_tag-fadini","9":"first","10":"instock","11":"sale","12":"taxable","13":"shipping-taxable","14":"purchasable","15":"product-type-simple"},"_links":{"self":[{"href":"https:\/\/monbip.fr\/de\/wp-json\/wp\/v2\/product\/7205","targetHints":{"allow":["GET"]}}],"collection":[{"href":"https:\/\/monbip.fr\/de\/wp-json\/wp\/v2\/product"}],"about":[{"href":"https:\/\/monbip.fr\/de\/wp-json\/wp\/v2\/types\/product"}],"wp:featuredmedia":[{"embeddable":true,"href":"https:\/\/monbip.fr\/de\/wp-json\/wp\/v2\/media\/7249"}],"wp:attachment":[{"href":"https:\/\/monbip.fr\/de\/wp-json\/wp\/v2\/media?parent=7205"}],"wp:term":[{"taxonomy":"product_brand","embeddable":true,"href":"https:\/\/monbip.fr\/de\/wp-json\/wp\/v2\/product_brand?post=7205"},{"taxonomy":"product_cat","embeddable":true,"href":"https:\/\/monbip.fr\/de\/wp-json\/wp\/v2\/product_cat?post=7205"},{"taxonomy":"product_tag","embeddable":true,"href":"https:\/\/monbip.fr\/de\/wp-json\/wp\/v2\/product_tag?post=7205"}],"curies":[{"name":"wp","href":"https:\/\/api.w.org\/{rel}","templated":true}]}}