{"id":7207,"date":"2022-01-18T19:12:16","date_gmt":"2022-01-18T19:12:16","guid":{"rendered":"https:\/\/monbip.fr\/?post_type=product&#038;p=7207"},"modified":"2022-01-18T19:12:25","modified_gmt":"2022-01-18T19:12:25","slug":"moteur-fadini-mec-200-lb","status":"publish","type":"product","link":"https:\/\/monbip.fr\/de\/produkt\/motorisierungen\/motorisierung-von-garagentoren-de\/moteur-fadini-mec-200-lb\/","title":{"rendered":"Moteur FADINI MEC 200 LB"},"content":{"rendered":"<p>Automatisation \u00e9lectrom\u00e9canique pour portails industriels accord\u00e9ons et sectionnales, con\u00e7ue pour satisfaire les exigences des entreprises et du monde du travail.<\/p>\n<p>Ses caract\u00e9ristiques offrent des mouvements d\u2019ouverture et fermeture rapides et \u00e0 usage intensif. En cas de coupure de courant, l\u2019automatisme se d\u00e9verrouille manuellement \u00e0 distance avec une cl\u00e9 personnalis\u00e9e. Embrayage r\u00e9glable dans bain d\u2019huile, Installation murale int\u00e9rieure. Service de travail intensif, Version r\u00e9versible.<\/p>\n<p>Adaptable pour tous les types d\u2019entr\u00e9es industrielles , d\u00e9verrouillage manuel pratique et s\u00fbr. Fins de course int\u00e9gr\u00e9s en option.<\/p>\n","protected":false},"excerpt":{"rendered":"<p>Automatisation \u00e9lectrom\u00e9canique pour portes-coulissantes, accord\u00e9ons et portes sectionnelles<\/p>\n","protected":false},"featured_media":7255,"template":"","meta":[],"product_brand":[],"product_cat":[203,202],"product_tag":[146],"class_list":{"0":"post-7207","1":"product","2":"type-product","3":"status-publish","4":"has-post-thumbnail","6":"product_cat-motorisation-porte-de-garage","7":"product_cat-motorisations","8":"product_tag-fadini","10":"first","11":"instock","12":"sale","13":"taxable","14":"shipping-taxable","15":"purchasable","16":"product-type-simple"},"_links":{"self":[{"href":"https:\/\/monbip.fr\/de\/wp-json\/wp\/v2\/product\/7207","targetHints":{"allow":["GET"]}}],"collection":[{"href":"https:\/\/monbip.fr\/de\/wp-json\/wp\/v2\/product"}],"about":[{"href":"https:\/\/monbip.fr\/de\/wp-json\/wp\/v2\/types\/product"}],"wp:featuredmedia":[{"embeddable":true,"href":"https:\/\/monbip.fr\/de\/wp-json\/wp\/v2\/media\/7255"}],"wp:attachment":[{"href":"https:\/\/monbip.fr\/de\/wp-json\/wp\/v2\/media?parent=7207"}],"wp:term":[{"taxonomy":"product_brand","embeddable":true,"href":"https:\/\/monbip.fr\/de\/wp-json\/wp\/v2\/product_brand?post=7207"},{"taxonomy":"product_cat","embeddable":true,"href":"https:\/\/monbip.fr\/de\/wp-json\/wp\/v2\/product_cat?post=7207"},{"taxonomy":"product_tag","embeddable":true,"href":"https:\/\/monbip.fr\/de\/wp-json\/wp\/v2\/product_tag?post=7207"}],"curies":[{"name":"wp","href":"https:\/\/api.w.org\/{rel}","templated":true}]}}