{"id":7208,"date":"2022-01-18T19:12:16","date_gmt":"2022-01-18T19:12:16","guid":{"rendered":"https:\/\/monbip.fr\/?post_type=product&#038;p=7208"},"modified":"2022-01-18T19:12:26","modified_gmt":"2022-01-18T19:12:26","slug":"moteur-hydraulique-aproli-380-lb","status":"publish","type":"product","link":"https:\/\/monbip.fr\/de\/produkt\/motorisierungen\/motorisierung-von-garagentoren-de\/moteur-hydraulique-aproli-380-lb\/","title":{"rendered":"Moteur hydraulique APROLI 380 LB"},"content":{"rendered":"<p>Groupe ol\u00e9odynamique compact pour une automatisation industrielle pratique et efficace permettant d\u2019ouvrir des portails articul\u00e9s de grandes dimensions; possibilit\u00e9 de d\u00e9verrouillage manuel avec cl\u00e9 personnalis\u00e9e deport\u00e9 par c\u00e2ble.<\/p>\n<p>Poss\u00e8de les m\u00eames caract\u00e9ristiques de fiabilit\u00e9 et de r\u00e9gularit\u00e9 du mouvement hydraulique que les automatisations de ce type sont en mesure d\u2019offrir.<\/p>\n","protected":false},"excerpt":{"rendered":"<p>Moteur ol\u00e9odynamique pour portes \u00e0 deux battants avec vantaux articul\u00e9s.<\/p>\n<p>R\u00e9glage hydraulique de la pouss\u00e9e sur le vantail. d\u00e9verrouillage manuel avec cl\u00e9 chiffr\u00e9e<\/p>\n","protected":false},"featured_media":7261,"template":"","meta":[],"product_brand":[],"product_cat":[203,202],"product_tag":[],"class_list":{"0":"post-7208","1":"product","2":"type-product","3":"status-publish","4":"has-post-thumbnail","6":"product_cat-motorisation-porte-de-garage","7":"product_cat-motorisations","9":"first","10":"instock","11":"sale","12":"taxable","13":"shipping-taxable","14":"purchasable","15":"product-type-simple"},"_links":{"self":[{"href":"https:\/\/monbip.fr\/de\/wp-json\/wp\/v2\/product\/7208","targetHints":{"allow":["GET"]}}],"collection":[{"href":"https:\/\/monbip.fr\/de\/wp-json\/wp\/v2\/product"}],"about":[{"href":"https:\/\/monbip.fr\/de\/wp-json\/wp\/v2\/types\/product"}],"wp:featuredmedia":[{"embeddable":true,"href":"https:\/\/monbip.fr\/de\/wp-json\/wp\/v2\/media\/7261"}],"wp:attachment":[{"href":"https:\/\/monbip.fr\/de\/wp-json\/wp\/v2\/media?parent=7208"}],"wp:term":[{"taxonomy":"product_brand","embeddable":true,"href":"https:\/\/monbip.fr\/de\/wp-json\/wp\/v2\/product_brand?post=7208"},{"taxonomy":"product_cat","embeddable":true,"href":"https:\/\/monbip.fr\/de\/wp-json\/wp\/v2\/product_cat?post=7208"},{"taxonomy":"product_tag","embeddable":true,"href":"https:\/\/monbip.fr\/de\/wp-json\/wp\/v2\/product_tag?post=7208"}],"curies":[{"name":"wp","href":"https:\/\/api.w.org\/{rel}","templated":true}]}}