{"id":7221,"date":"2022-01-18T19:12:17","date_gmt":"2022-01-18T19:12:17","guid":{"rendered":"https:\/\/monbip.fr\/?post_type=product&#038;p=7221"},"modified":"2022-01-18T19:12:41","modified_gmt":"2022-01-18T19:12:41","slug":"kit-moteur-aprimatic-redmatic-800-24v","status":"publish","type":"product","link":"https:\/\/monbip.fr\/de\/produkt\/tor-oder-garagenmotor-kit-de\/kit-moteur-aprimatic-redmatic-800-24v\/","title":{"rendered":"Kit moteur APRIMATIC REDMATIC 800 24V"},"content":{"rendered":"<p>&#8216;- Op\u00e9rateur basse tension 24 Vdc.<\/p>\n<p>&#8211; Pour usage r\u00e9sidentiel.<\/p>\n<p>&#8211; Syst\u00e8me \u00e9lectronique anti-\u00e9crasement int\u00e9gr\u00e9.<\/p>\n<p>&#8211; Contr\u00f4le moteur par encodeur optique.<\/p>\n<p>&#8211; D\u00e9c\u00e9l\u00e9ration en fin de parcours.<\/p>\n<p>&#8211; Clavier et \u00e9cran de programmation \u00e0 l&#8217;ext\u00e9rieur.<\/p>\n<p>&#8211; Le bouton poussoir est situ\u00e9 dans le bo\u00eetier ext\u00e9rieur, sans avoir \u00e0 le d\u00e9monter<\/p>\n","protected":false},"excerpt":{"rendered":"<p>Kit moteur REDMATIC 800 24V pour portes sectionnelles jusqu&#8217;\u00e0 10 m2.<\/p>\n<p>Rail 3,3 m : 2 x 1,65m<\/p>\n","protected":false},"featured_media":7329,"template":"","meta":[],"product_brand":[],"product_cat":[208,203],"product_tag":[137],"class_list":{"0":"post-7221","1":"product","2":"type-product","3":"status-publish","4":"has-post-thumbnail","6":"product_cat-kit-moteur-portail-ou-garage","7":"product_cat-motorisation-porte-de-garage","8":"product_tag-aprimatic","10":"first","11":"instock","12":"sale","13":"taxable","14":"shipping-taxable","15":"purchasable","16":"product-type-simple"},"_links":{"self":[{"href":"https:\/\/monbip.fr\/de\/wp-json\/wp\/v2\/product\/7221","targetHints":{"allow":["GET"]}}],"collection":[{"href":"https:\/\/monbip.fr\/de\/wp-json\/wp\/v2\/product"}],"about":[{"href":"https:\/\/monbip.fr\/de\/wp-json\/wp\/v2\/types\/product"}],"wp:featuredmedia":[{"embeddable":true,"href":"https:\/\/monbip.fr\/de\/wp-json\/wp\/v2\/media\/7329"}],"wp:attachment":[{"href":"https:\/\/monbip.fr\/de\/wp-json\/wp\/v2\/media?parent=7221"}],"wp:term":[{"taxonomy":"product_brand","embeddable":true,"href":"https:\/\/monbip.fr\/de\/wp-json\/wp\/v2\/product_brand?post=7221"},{"taxonomy":"product_cat","embeddable":true,"href":"https:\/\/monbip.fr\/de\/wp-json\/wp\/v2\/product_cat?post=7221"},{"taxonomy":"product_tag","embeddable":true,"href":"https:\/\/monbip.fr\/de\/wp-json\/wp\/v2\/product_tag?post=7221"}],"curies":[{"name":"wp","href":"https:\/\/api.w.org\/{rel}","templated":true}]}}