{"id":7223,"date":"2022-01-18T19:12:17","date_gmt":"2022-01-18T19:12:17","guid":{"rendered":"https:\/\/monbip.fr\/?post_type=product&#038;p=7223"},"modified":"2022-01-18T19:12:43","modified_gmt":"2022-01-18T19:12:43","slug":"kit-moteur-beninca-bull-800","status":"publish","type":"product","link":"https:\/\/monbip.fr\/de\/produkt\/tor-oder-garagenmotor-kit-de\/kit-moteur-beninca-bull-800\/","title":{"rendered":"Kit moteur BENINCA BULL 800"},"content":{"rendered":"<p>&#8216;- Armoire de commande int\u00e9gr\u00e9e, syst\u00e8me d&#8217;\u00e9conomie d&#8217;\u00e9nergie ESA SYSTEM et encodeur<\/p>\n<p>&#8211; Le dispositif d&#8217;encodeur garantit une s\u00e9curit\u00e9 et une pr\u00e9cision maximales lors du mouvement de la porte<\/p>\n<p>&#8211; Syst\u00e8me anti-\u00e9crasement avec d\u00e9tection amp\u00e9rom\u00e9trique<\/p>\n<p>&#8211; Pr\u00e9dispos\u00e9 pour fonctionner avec des batteries sans courant<\/p>\n<p>&#8211; Levier de d\u00e9verrouillage en m\u00e9tal.<\/p>\n","protected":false},"excerpt":{"rendered":"<p>Kit moteur BENINCA BULL pour portes coulissantes jusqu&#8217;\u00e0 800 Kg. Usage r\u00e9sidentiel.<\/p>\n","protected":false},"featured_media":7335,"template":"","meta":[],"product_brand":[],"product_cat":[208,203],"product_tag":[138],"class_list":{"0":"post-7223","1":"product","2":"type-product","3":"status-publish","4":"has-post-thumbnail","6":"product_cat-kit-moteur-portail-ou-garage","7":"product_cat-motorisation-porte-de-garage","8":"product_tag-beninca","10":"first","11":"instock","12":"sale","13":"taxable","14":"shipping-taxable","15":"purchasable","16":"product-type-simple"},"_links":{"self":[{"href":"https:\/\/monbip.fr\/de\/wp-json\/wp\/v2\/product\/7223","targetHints":{"allow":["GET"]}}],"collection":[{"href":"https:\/\/monbip.fr\/de\/wp-json\/wp\/v2\/product"}],"about":[{"href":"https:\/\/monbip.fr\/de\/wp-json\/wp\/v2\/types\/product"}],"wp:featuredmedia":[{"embeddable":true,"href":"https:\/\/monbip.fr\/de\/wp-json\/wp\/v2\/media\/7335"}],"wp:attachment":[{"href":"https:\/\/monbip.fr\/de\/wp-json\/wp\/v2\/media?parent=7223"}],"wp:term":[{"taxonomy":"product_brand","embeddable":true,"href":"https:\/\/monbip.fr\/de\/wp-json\/wp\/v2\/product_brand?post=7223"},{"taxonomy":"product_cat","embeddable":true,"href":"https:\/\/monbip.fr\/de\/wp-json\/wp\/v2\/product_cat?post=7223"},{"taxonomy":"product_tag","embeddable":true,"href":"https:\/\/monbip.fr\/de\/wp-json\/wp\/v2\/product_tag?post=7223"}],"curies":[{"name":"wp","href":"https:\/\/api.w.org\/{rel}","templated":true}]}}