{"id":7306,"date":"2022-01-18T19:12:39","date_gmt":"2022-01-18T17:12:39","guid":{"rendered":"https:\/\/monbip.fr\/?post_type=product&#038;p=7306"},"modified":"2023-02-16T23:49:20","modified_gmt":"2023-02-16T21:49:20","slug":"kit-moteur-nice-wingokit-4024","status":"publish","type":"product","link":"https:\/\/monbip.fr\/de\/produkt\/tor-oder-garagenmotor-kit-de\/kit-moteur-nice-wingokit-4024\/","title":{"rendered":"Kit moteur NICE WINGOKIT 4024"},"content":{"rendered":"<p>&#8216;- Disposition brevet\u00e9e des composants internes: r\u00e9duction des pi\u00e8ces mobiles pour plus de fiabilit\u00e9 et de silence.<br \/>\n&#8211; Facile \u00e0 installer: connexions \u00e9lectriques par le haut apr\u00e8s montage du motor\u00e9ducteur.<br \/>\n&#8211; D\u00e9verrouillage confortable: avec une belle cl\u00e9 personnalis\u00e9e ou une serrure standard (en option).<br \/>\n&#8211; Fin de course m\u00e9caniques: pr\u00e9-assembl\u00e9s en ouverture.<br \/>\n&#8211; Nouvelle unit\u00e9 de contr\u00f4le MC424L: programmation facile avec un seul bouton, embrayage avec dispositif de s\u00e9curit\u00e9 anti-\u00e9crasement, m\u00e9morisation des fins de course d&#8217;ouverture et de fermeture avec auto-apprentissage. Programmation du temps de pause, passage pi\u00e9ton, d\u00e9c\u00e9l\u00e9ration en ouverture et fermeture.<\/p>\n","protected":false},"excerpt":{"rendered":"<p>NICE Kit pour 2 portes battantes avec vantaux jusqu&#8217;\u00e0 2 m, avec 24 moteurs \u00e9lectrom\u00e9caniques.<\/p>\n","protected":false},"featured_media":7350,"template":"","meta":[],"product_brand":[],"product_cat":[208,207,202],"product_tag":[],"class_list":{"0":"post-7306","1":"product","2":"type-product","3":"status-publish","4":"has-post-thumbnail","6":"product_cat-kit-moteur-portail-ou-garage","7":"product_cat-motorisation-portail-battant","8":"product_cat-motorisations","10":"first","11":"instock","12":"sale","13":"taxable","14":"shipping-taxable","15":"purchasable","16":"product-type-simple"},"_links":{"self":[{"href":"https:\/\/monbip.fr\/de\/wp-json\/wp\/v2\/product\/7306","targetHints":{"allow":["GET"]}}],"collection":[{"href":"https:\/\/monbip.fr\/de\/wp-json\/wp\/v2\/product"}],"about":[{"href":"https:\/\/monbip.fr\/de\/wp-json\/wp\/v2\/types\/product"}],"wp:featuredmedia":[{"embeddable":true,"href":"https:\/\/monbip.fr\/de\/wp-json\/wp\/v2\/media\/7350"}],"wp:attachment":[{"href":"https:\/\/monbip.fr\/de\/wp-json\/wp\/v2\/media?parent=7306"}],"wp:term":[{"taxonomy":"product_brand","embeddable":true,"href":"https:\/\/monbip.fr\/de\/wp-json\/wp\/v2\/product_brand?post=7306"},{"taxonomy":"product_cat","embeddable":true,"href":"https:\/\/monbip.fr\/de\/wp-json\/wp\/v2\/product_cat?post=7306"},{"taxonomy":"product_tag","embeddable":true,"href":"https:\/\/monbip.fr\/de\/wp-json\/wp\/v2\/product_tag?post=7306"}],"curies":[{"name":"wp","href":"https:\/\/api.w.org\/{rel}","templated":true}]}}