{"id":7308,"date":"2022-01-18T19:12:39","date_gmt":"2022-01-18T19:12:39","guid":{"rendered":"https:\/\/monbip.fr\/?post_type=product&#038;p=7308"},"modified":"2022-01-18T19:12:49","modified_gmt":"2022-01-18T19:12:49","slug":"photocellule-clemsa-f25","status":"publish","type":"product","link":"https:\/\/monbip.fr\/de\/produkt\/fotozellen\/photocellule-clemsa-f25\/","title":{"rendered":"Photocellule CLEMSA F25"},"content":{"rendered":"<p>\u2022 Haute r\u00e9sistance au passage du temps: recouvert d&#8217;une encapsulation en polycarbonate.<br \/>\n\u2022 Technologie polaris\u00e9e: garantit une s\u00e9curit\u00e9 totale en n&#8217;acceptant pas plus de r\u00e9ponse que celle de votre propre miroir r\u00e9tro-r\u00e9fl\u00e9chissant, en rejetant les autres reflets.<br \/>\n\u2022 Fonction supervis\u00e9e: la cellule photo\u00e9lectrique d\u00e9tecte le manque d&#8217;alimentation, les interruptions d&#8217;un objet, les c\u00e2bles coup\u00e9s, les d\u00e9salignements, etc.<br \/>\n\u2022 Distance de r\u00e9flexion: 15 m\u00e8tres.<\/p>\n","protected":false},"excerpt":{"rendered":"<p>Cellule photo\u00e9lectrique CLEMSA F25 15 m.<\/p>\n","protected":false},"featured_media":7356,"template":"","meta":[],"product_brand":[],"product_cat":[210],"product_tag":[141],"class_list":{"0":"post-7308","1":"product","2":"type-product","3":"status-publish","4":"has-post-thumbnail","6":"product_cat-photocellules","7":"product_tag-clemsa","9":"first","10":"instock","11":"sale","12":"taxable","13":"shipping-taxable","14":"purchasable","15":"product-type-simple"},"_links":{"self":[{"href":"https:\/\/monbip.fr\/de\/wp-json\/wp\/v2\/product\/7308","targetHints":{"allow":["GET"]}}],"collection":[{"href":"https:\/\/monbip.fr\/de\/wp-json\/wp\/v2\/product"}],"about":[{"href":"https:\/\/monbip.fr\/de\/wp-json\/wp\/v2\/types\/product"}],"wp:featuredmedia":[{"embeddable":true,"href":"https:\/\/monbip.fr\/de\/wp-json\/wp\/v2\/media\/7356"}],"wp:attachment":[{"href":"https:\/\/monbip.fr\/de\/wp-json\/wp\/v2\/media?parent=7308"}],"wp:term":[{"taxonomy":"product_brand","embeddable":true,"href":"https:\/\/monbip.fr\/de\/wp-json\/wp\/v2\/product_brand?post=7308"},{"taxonomy":"product_cat","embeddable":true,"href":"https:\/\/monbip.fr\/de\/wp-json\/wp\/v2\/product_cat?post=7308"},{"taxonomy":"product_tag","embeddable":true,"href":"https:\/\/monbip.fr\/de\/wp-json\/wp\/v2\/product_tag?post=7308"}],"curies":[{"name":"wp","href":"https:\/\/api.w.org\/{rel}","templated":true}]}}