{"id":7309,"date":"2022-01-18T19:12:39","date_gmt":"2022-01-18T19:12:39","guid":{"rendered":"https:\/\/monbip.fr\/?post_type=product&#038;p=7309"},"modified":"2022-01-18T19:12:50","modified_gmt":"2022-01-18T19:12:50","slug":"photocellule-beninca-pupilla-180o","status":"publish","type":"product","link":"https:\/\/monbip.fr\/de\/produkt\/fotozellen\/photocellule-beninca-pupilla-180o\/","title":{"rendered":"Photocellule BENINCA PUPILLA 180\u00ba"},"content":{"rendered":"","protected":false},"excerpt":{"rendered":"<p>Paire de photocellules pour montage externe, r\u00e9glable \u00e0 180 \u00b0 avec possibilit\u00e9 de synchroniser jusqu&#8217;\u00e0 4 paires. Fonctionnement 24Vdc. Facile \u00e0 r\u00e9gler gr\u00e2ce \u00e0 une led qui indique le meilleur alignement.<\/p>\n","protected":false},"featured_media":7359,"template":"","meta":[],"product_brand":[],"product_cat":[210],"product_tag":[138],"class_list":{"0":"post-7309","1":"product","2":"type-product","3":"status-publish","4":"has-post-thumbnail","6":"product_cat-photocellules","7":"product_tag-beninca","9":"first","10":"instock","11":"sale","12":"taxable","13":"shipping-taxable","14":"purchasable","15":"product-type-simple"},"_links":{"self":[{"href":"https:\/\/monbip.fr\/de\/wp-json\/wp\/v2\/product\/7309","targetHints":{"allow":["GET"]}}],"collection":[{"href":"https:\/\/monbip.fr\/de\/wp-json\/wp\/v2\/product"}],"about":[{"href":"https:\/\/monbip.fr\/de\/wp-json\/wp\/v2\/types\/product"}],"wp:featuredmedia":[{"embeddable":true,"href":"https:\/\/monbip.fr\/de\/wp-json\/wp\/v2\/media\/7359"}],"wp:attachment":[{"href":"https:\/\/monbip.fr\/de\/wp-json\/wp\/v2\/media?parent=7309"}],"wp:term":[{"taxonomy":"product_brand","embeddable":true,"href":"https:\/\/monbip.fr\/de\/wp-json\/wp\/v2\/product_brand?post=7309"},{"taxonomy":"product_cat","embeddable":true,"href":"https:\/\/monbip.fr\/de\/wp-json\/wp\/v2\/product_cat?post=7309"},{"taxonomy":"product_tag","embeddable":true,"href":"https:\/\/monbip.fr\/de\/wp-json\/wp\/v2\/product_tag?post=7309"}],"curies":[{"name":"wp","href":"https:\/\/api.w.org\/{rel}","templated":true}]}}