{"id":7312,"date":"2022-01-18T19:12:39","date_gmt":"2022-01-18T19:12:39","guid":{"rendered":"https:\/\/monbip.fr\/?post_type=product&#038;p=7312"},"modified":"2022-01-18T19:12:53","modified_gmt":"2022-01-18T19:12:53","slug":"moteur-tubulaire-aprimatic-revolux-35s","status":"publish","type":"product","link":"https:\/\/monbip.fr\/de\/produkt\/motorisierter-rollladen-jalousie-metallvorhang\/moteur-tubulaire-aprimatic-revolux-35s\/","title":{"rendered":"Moteur tubulaire APRIMATIC REVOLUX 35S"},"content":{"rendered":"","protected":false},"excerpt":{"rendered":"<p>Moteur tubulaire APRIMATIC REVOLUX s\u00e9rie 35 pour stores r\u00e9sidentiels jusqu&#8217;\u00e0 20 kg. Pour arbres tubulaires de diam\u00e8tre 40<\/p>\n","protected":false},"featured_media":7368,"template":"","meta":[],"product_brand":[],"product_cat":[206],"product_tag":[137],"class_list":{"0":"post-7312","1":"product","2":"type-product","3":"status-publish","4":"has-post-thumbnail","6":"product_cat-motorisation-volet-store-rideau-metallique","7":"product_tag-aprimatic","9":"first","10":"instock","11":"sale","12":"taxable","13":"shipping-taxable","14":"purchasable","15":"product-type-simple"},"_links":{"self":[{"href":"https:\/\/monbip.fr\/de\/wp-json\/wp\/v2\/product\/7312","targetHints":{"allow":["GET"]}}],"collection":[{"href":"https:\/\/monbip.fr\/de\/wp-json\/wp\/v2\/product"}],"about":[{"href":"https:\/\/monbip.fr\/de\/wp-json\/wp\/v2\/types\/product"}],"wp:featuredmedia":[{"embeddable":true,"href":"https:\/\/monbip.fr\/de\/wp-json\/wp\/v2\/media\/7368"}],"wp:attachment":[{"href":"https:\/\/monbip.fr\/de\/wp-json\/wp\/v2\/media?parent=7312"}],"wp:term":[{"taxonomy":"product_brand","embeddable":true,"href":"https:\/\/monbip.fr\/de\/wp-json\/wp\/v2\/product_brand?post=7312"},{"taxonomy":"product_cat","embeddable":true,"href":"https:\/\/monbip.fr\/de\/wp-json\/wp\/v2\/product_cat?post=7312"},{"taxonomy":"product_tag","embeddable":true,"href":"https:\/\/monbip.fr\/de\/wp-json\/wp\/v2\/product_tag?post=7312"}],"curies":[{"name":"wp","href":"https:\/\/api.w.org\/{rel}","templated":true}]}}