{"id":7319,"date":"2022-01-18T19:12:40","date_gmt":"2022-01-18T19:12:40","guid":{"rendered":"https:\/\/monbip.fr\/?post_type=product&#038;p=7319"},"modified":"2024-08-19T19:41:51","modified_gmt":"2024-08-19T17:41:51","slug":"moteur-hydraulique-faac-422-cbac","status":"publish","type":"product","link":"https:\/\/monbip.fr\/de\/produkt\/motorisierungen\/drehtorantriebe\/moteur-hydraulique-faac-422-cbac\/","title":{"rendered":"Moteur hydraulique FAAC 422 CBAC"},"content":{"rendered":"<h4>FAAC 422 CBAC Moteur hydraulique pour porte battante 1,8 m avec verrouillage<\/h4>\n<h5 class=\"card-title text-uppercase\">Mod\u00e8le : 422 CBAC<br \/>\nAlimentation : 230 Vca &#8211; 50 (60) Hz<br \/>\nPuissance absorb\u00e9e : 220 W<br \/>\nCourant absorb\u00e9e : 1 A<br \/>\nVitesse de rotation moteur : 1400 T\/min.<br \/>\nVitesse de la tige : 1.3 cm\/s<br \/>\nD\u00e9bit de la pompe : 1 l\/min<br \/>\nForce de traction ou de pouss\u00e9e : 0 \/ 500 daN<br \/>\nTemp. ambiante de fonctionnement : -20\u00b0C \/ +55\u00b0<br \/>\nProtection thermique : 120\u00b0C<br \/>\nPoids : 7 Kg<br \/>\nType d&#8217;huile : FAAC HP OIL<br \/>\nDegr\u00e9 de protection : IP 55<br \/>\nDimensions (L x P x H) mm : 987 x 120 x 85 mm<br \/>\nLargeur max. du vantail : 1.80 m<\/h5>\n","protected":false},"excerpt":{"rendered":"<p>FAAC 422 CBAC Moteur hydraulique pour porte battante 1,8 m avec verrouillage.<\/p>\n<p>Rev\u00eatement anti-corrosion \u00e0 haute r\u00e9sistance aux agents atmosph\u00e9riques. Mouvement silencieux.<\/p>\n","protected":false},"featured_media":7389,"template":"","meta":[],"product_brand":[],"product_cat":[207,202],"product_tag":[],"class_list":{"0":"post-7319","1":"product","2":"type-product","3":"status-publish","4":"has-post-thumbnail","6":"product_cat-motorisation-portail-battant","7":"product_cat-motorisations","9":"first","10":"instock","11":"sale","12":"featured","13":"taxable","14":"shipping-taxable","15":"purchasable","16":"product-type-simple"},"_links":{"self":[{"href":"https:\/\/monbip.fr\/de\/wp-json\/wp\/v2\/product\/7319","targetHints":{"allow":["GET"]}}],"collection":[{"href":"https:\/\/monbip.fr\/de\/wp-json\/wp\/v2\/product"}],"about":[{"href":"https:\/\/monbip.fr\/de\/wp-json\/wp\/v2\/types\/product"}],"wp:featuredmedia":[{"embeddable":true,"href":"https:\/\/monbip.fr\/de\/wp-json\/wp\/v2\/media\/7389"}],"wp:attachment":[{"href":"https:\/\/monbip.fr\/de\/wp-json\/wp\/v2\/media?parent=7319"}],"wp:term":[{"taxonomy":"product_brand","embeddable":true,"href":"https:\/\/monbip.fr\/de\/wp-json\/wp\/v2\/product_brand?post=7319"},{"taxonomy":"product_cat","embeddable":true,"href":"https:\/\/monbip.fr\/de\/wp-json\/wp\/v2\/product_cat?post=7319"},{"taxonomy":"product_tag","embeddable":true,"href":"https:\/\/monbip.fr\/de\/wp-json\/wp\/v2\/product_tag?post=7319"}],"curies":[{"name":"wp","href":"https:\/\/api.w.org\/{rel}","templated":true}]}}