{"id":7321,"date":"2022-01-18T19:12:40","date_gmt":"2022-01-18T17:12:40","guid":{"rendered":"https:\/\/monbip.fr\/?post_type=product&#038;p=7321"},"modified":"2022-08-26T23:23:49","modified_gmt":"2022-08-26T21:23:49","slug":"moteur-oleodynamique-bft-lux-gv-r","status":"publish","type":"product","link":"https:\/\/monbip.fr\/de\/produkt\/motorisierungen\/drehtorantriebe\/moteur-oleodynamique-bft-lux-gv-r\/","title":{"rendered":"Moteur ol\u00e9odynamique BFT Lux GV-R"},"content":{"rendered":"<p>Moteur ol\u00e9odynamique BFT Lux GV-R pour portails battants jusqu&#8217;\u00e0 300 kg<\/p>\n<p><span id=\"s2_1\">Pour portes battantes jusqu\u2019\u00e0 3,5 m\u00e8tres.<\/span> <span id=\"s2_2\">Course utile de 270mm, angle maximal de 123\u00ba.<\/span><\/p>\n<p>R\u00c9F\u00c9RENCE: P935050 00001<\/p>\n","protected":false},"excerpt":{"rendered":"<p>Moteur ol\u00e9odynamique BFT Lux GV-R pour portails battants jusqu&#8217;\u00e0 300 kg<\/p>\n<p><span id=\"s2_1\">Pour portes battantes jusqu\u2019\u00e0 3,5 m\u00e8tres.<\/span> <span id=\"s2_2\">Course utile de 270mm, angle maximal de 123\u00ba.<\/span><\/p>\n<p>R\u00c9F\u00c9RENCE: P935050 00001<\/p>\n","protected":false},"featured_media":7417,"template":"","meta":[],"product_brand":[],"product_cat":[207,202],"product_tag":[139],"class_list":{"0":"post-7321","1":"product","2":"type-product","3":"status-publish","4":"has-post-thumbnail","6":"product_cat-motorisation-portail-battant","7":"product_cat-motorisations","8":"product_tag-bft","10":"first","11":"instock","12":"sale","13":"taxable","14":"shipping-taxable","15":"purchasable","16":"product-type-simple"},"_links":{"self":[{"href":"https:\/\/monbip.fr\/de\/wp-json\/wp\/v2\/product\/7321","targetHints":{"allow":["GET"]}}],"collection":[{"href":"https:\/\/monbip.fr\/de\/wp-json\/wp\/v2\/product"}],"about":[{"href":"https:\/\/monbip.fr\/de\/wp-json\/wp\/v2\/types\/product"}],"wp:featuredmedia":[{"embeddable":true,"href":"https:\/\/monbip.fr\/de\/wp-json\/wp\/v2\/media\/7417"}],"wp:attachment":[{"href":"https:\/\/monbip.fr\/de\/wp-json\/wp\/v2\/media?parent=7321"}],"wp:term":[{"taxonomy":"product_brand","embeddable":true,"href":"https:\/\/monbip.fr\/de\/wp-json\/wp\/v2\/product_brand?post=7321"},{"taxonomy":"product_cat","embeddable":true,"href":"https:\/\/monbip.fr\/de\/wp-json\/wp\/v2\/product_cat?post=7321"},{"taxonomy":"product_tag","embeddable":true,"href":"https:\/\/monbip.fr\/de\/wp-json\/wp\/v2\/product_tag?post=7321"}],"curies":[{"name":"wp","href":"https:\/\/api.w.org\/{rel}","templated":true}]}}