{"id":7322,"date":"2022-01-18T19:12:40","date_gmt":"2022-01-18T19:12:40","guid":{"rendered":"https:\/\/monbip.fr\/?post_type=product&#038;p=7322"},"modified":"2022-01-18T19:13:05","modified_gmt":"2022-01-18T19:13:05","slug":"moteur-hydraulique-aprimatic-twenty-270-sf","status":"publish","type":"product","link":"https:\/\/monbip.fr\/de\/produkt\/motorisierungen\/drehtorantriebe\/moteur-hydraulique-aprimatic-twenty-270-sf\/","title":{"rendered":"Moteur hydraulique APRIMATIC TWENTY 270 SF"},"content":{"rendered":"<p>Moteur hydraulique TWENTY 270 SF pour portails battants d&#8217;une ou deux feuilles jusqu&#8217;\u00e0 4 m\u00e8tres de la marque APRIMATIC.<\/p>\n<p>Destin\u00e9 \u00e0 une utilisation semi-intensive , silencieux et fiable.<\/p>\n<p>Vannes de s\u00e9curit\u00e9 anti-\u00e9crasement, versions avec ou sans verouillage.<\/p>\n<p><strong>Alimentation secteur<\/strong>\u00a0: 230 V &#8211; 50 Hz<br \/>\n<strong>Force de pouss\u00e9e<\/strong> : 5500N<br \/>\n<strong>Nombre maximum de cycles<\/strong>\u00a0: 800 cycles \/ jour<\/p>\n","protected":false},"excerpt":{"rendered":"<p>Moteur hydraulique TWENTY 270 SF pour portails battants jusqu&#8217;\u00e0 4 m\u00e8tres de la marque APRIMATIC. Destin\u00e9 \u00e0 une utilisation semi-intensive.<\/p>\n<p>&nbsp;<\/p>\n","protected":false},"featured_media":7420,"template":"","meta":[],"product_brand":[],"product_cat":[207,202],"product_tag":[137],"class_list":{"0":"post-7322","1":"product","2":"type-product","3":"status-publish","4":"has-post-thumbnail","6":"product_cat-motorisation-portail-battant","7":"product_cat-motorisations","8":"product_tag-aprimatic","10":"first","11":"instock","12":"sale","13":"taxable","14":"shipping-taxable","15":"purchasable","16":"product-type-simple"},"_links":{"self":[{"href":"https:\/\/monbip.fr\/de\/wp-json\/wp\/v2\/product\/7322","targetHints":{"allow":["GET"]}}],"collection":[{"href":"https:\/\/monbip.fr\/de\/wp-json\/wp\/v2\/product"}],"about":[{"href":"https:\/\/monbip.fr\/de\/wp-json\/wp\/v2\/types\/product"}],"wp:featuredmedia":[{"embeddable":true,"href":"https:\/\/monbip.fr\/de\/wp-json\/wp\/v2\/media\/7420"}],"wp:attachment":[{"href":"https:\/\/monbip.fr\/de\/wp-json\/wp\/v2\/media?parent=7322"}],"wp:term":[{"taxonomy":"product_brand","embeddable":true,"href":"https:\/\/monbip.fr\/de\/wp-json\/wp\/v2\/product_brand?post=7322"},{"taxonomy":"product_cat","embeddable":true,"href":"https:\/\/monbip.fr\/de\/wp-json\/wp\/v2\/product_cat?post=7322"},{"taxonomy":"product_tag","embeddable":true,"href":"https:\/\/monbip.fr\/de\/wp-json\/wp\/v2\/product_tag?post=7322"}],"curies":[{"name":"wp","href":"https:\/\/api.w.org\/{rel}","templated":true}]}}