{"id":7325,"date":"2022-01-18T19:12:40","date_gmt":"2022-01-18T19:12:40","guid":{"rendered":"https:\/\/monbip.fr\/?post_type=product&#038;p=7325"},"modified":"2022-01-18T19:13:08","modified_gmt":"2022-01-18T19:13:08","slug":"moteur-hydraulique-aprimatic-forty-4c","status":"publish","type":"product","link":"https:\/\/monbip.fr\/de\/produkt\/motorisierungen\/drehtorantriebe\/moteur-hydraulique-aprimatic-forty-4c\/","title":{"rendered":"Moteur hydraulique APRIMATIC FORTY 4C"},"content":{"rendered":"<p><span id=\"s2_1\">Moteur hydraulique pour portes battantes.<\/span>\u00a0<span id=\"s2_2\">Soupapes de s\u00e9curit\u00e9 anti-plastage int\u00e9gr\u00e9es.<\/span>\u00a0<span id=\"s2_3\">D\u00e9verrouillage rapide d\u2019urgence.<\/span><\/p>\n<p><span id=\"s2_4\">&#8211; Silencieux et fiable.<\/span><\/p>\n<p><span id=\"s2_5\">&#8211; Ch\u00e2ssis robuste en aluminium extorqu\u00e9<\/span><\/p>\n<p><span id=\"s2_6\">&#8211; Ancrages articul\u00e9s<\/span><\/p>\n<p><span id=\"s2_7\">&#8211; Soupapes de s\u00e9curit\u00e9 anti-plastification.<\/span><\/p>\n","protected":false},"excerpt":{"rendered":"<p>Moteur hydraulique APRIMATIC FORTY 4C\u00a0 pour vantail de 400kg poids et 1,8 m\u00e8tres.\u00a0Destin\u00e9 \u00e0 un usage r\u00e9sidentiel.<\/p>\n","protected":false},"featured_media":7429,"template":"","meta":[],"product_brand":[],"product_cat":[207,202],"product_tag":[137],"class_list":{"0":"post-7325","1":"product","2":"type-product","3":"status-publish","4":"has-post-thumbnail","6":"product_cat-motorisation-portail-battant","7":"product_cat-motorisations","8":"product_tag-aprimatic","10":"first","11":"instock","12":"sale","13":"taxable","14":"shipping-taxable","15":"purchasable","16":"product-type-simple"},"_links":{"self":[{"href":"https:\/\/monbip.fr\/de\/wp-json\/wp\/v2\/product\/7325","targetHints":{"allow":["GET"]}}],"collection":[{"href":"https:\/\/monbip.fr\/de\/wp-json\/wp\/v2\/product"}],"about":[{"href":"https:\/\/monbip.fr\/de\/wp-json\/wp\/v2\/types\/product"}],"wp:featuredmedia":[{"embeddable":true,"href":"https:\/\/monbip.fr\/de\/wp-json\/wp\/v2\/media\/7429"}],"wp:attachment":[{"href":"https:\/\/monbip.fr\/de\/wp-json\/wp\/v2\/media?parent=7325"}],"wp:term":[{"taxonomy":"product_brand","embeddable":true,"href":"https:\/\/monbip.fr\/de\/wp-json\/wp\/v2\/product_brand?post=7325"},{"taxonomy":"product_cat","embeddable":true,"href":"https:\/\/monbip.fr\/de\/wp-json\/wp\/v2\/product_cat?post=7325"},{"taxonomy":"product_tag","embeddable":true,"href":"https:\/\/monbip.fr\/de\/wp-json\/wp\/v2\/product_tag?post=7325"}],"curies":[{"name":"wp","href":"https:\/\/api.w.org\/{rel}","templated":true}]}}